{"id":2881,"date":"2024-03-04T19:56:04","date_gmt":"2024-03-04T19:56:04","guid":{"rendered":"https:\/\/escouadeenergie.ca\/projects\/batteries-mcs\/key-figures\/"},"modified":"2024-03-15T13:18:39","modified_gmt":"2024-03-15T13:18:39","slug":"key-figures","status":"publish","type":"page","link":"https:\/\/escouadeenergie.ca\/en\/projects-2\/batteries-mcs\/key-figures\/","title":{"rendered":"Key figures"},"content":{"rendered":"\t\t<div data-elementor-type=\"wp-page\" data-elementor-id=\"2881\" class=\"elementor elementor-2881 elementor-2581\" data-elementor-post-type=\"page\">\n\t\t\t\t\t\t<section class=\"elementor-section elementor-top-section elementor-element elementor-element-4f876e2f elementor-section-full_width section-chiffres elementor-section-height-default elementor-section-height-default\" data-id=\"4f876e2f\" data-element_type=\"section\" data-settings=\"{&quot;background_background&quot;:&quot;classic&quot;}\">\n\t\t\t\t\t\t<div class=\"elementor-container elementor-column-gap-default\">\n\t\t\t\t\t<div class=\"elementor-column elementor-col-50 elementor-top-column elementor-element elementor-element-4963d89b\" data-id=\"4963d89b\" data-element_type=\"column\">\n\t\t\t<div class=\"elementor-widget-wrap elementor-element-populated\">\n\t\t\t\t\t\t<div class=\"elementor-element elementor-element-528aa410 elementor-widget-tablet__width-inherit elementor-widget elementor-widget-heading\" data-id=\"528aa410\" data-element_type=\"widget\" data-widget_type=\"heading.default\">\n\t\t\t\t<div class=\"elementor-widget-container\">\n\t\t\t\t\t<h1 class=\"elementor-heading-title elementor-size-default\">Key figures<\/h1>\t\t\t\t<\/div>\n\t\t\t\t<\/div>\n\t\t\t\t<div class=\"elementor-element elementor-element-df3bda9 elementor-widget elementor-widget-text-editor\" data-id=\"df3bda9\" data-element_type=\"widget\" data-widget_type=\"text-editor.default\">\n\t\t\t\t<div class=\"elementor-widget-container\">\n\t\t\t\t\t\t\t\t\t<p>CIB\u00c9T: $80 million infrastructure project<br \/>Training micro-credits: $950,000<br \/>Research project and events: $5M<\/p>\n\t\t\t\t\t\t\t\t<\/div>\n\t\t\t\t<\/div>\n\t\t\t\t<div class=\"elementor-element elementor-element-5ce1bb6 elementor-position-left elementor-vertical-align-middle elementor-widget elementor-widget-image-box\" data-id=\"5ce1bb6\" data-element_type=\"widget\" data-widget_type=\"image-box.default\">\n\t\t\t\t<div class=\"elementor-widget-container\">\n\t\t\t\t\t<div class=\"elementor-image-box-wrapper\"><figure class=\"elementor-image-box-img\"><img decoding=\"async\" src=\"https:\/\/escouadeenergie.ca\/wp-content\/uploads\/2024\/03\/50M.svg\" title=\"50M\" alt=\"50M\" loading=\"lazy\" \/><\/figure><div class=\"elementor-image-box-content\"><p class=\"elementor-image-box-description\"><strong class=\"jaune\">50 million<\/strong> in equipment<\/p><\/div><\/div>\t\t\t\t<\/div>\n\t\t\t\t<\/div>\n\t\t\t\t<div class=\"elementor-element elementor-element-8e97fe5 elementor-position-left elementor-vertical-align-middle elementor-widget elementor-widget-image-box\" data-id=\"8e97fe5\" data-element_type=\"widget\" data-widget_type=\"image-box.default\">\n\t\t\t\t<div class=\"elementor-widget-container\">\n\t\t\t\t\t<div class=\"elementor-image-box-wrapper\"><figure class=\"elementor-image-box-img\"><img decoding=\"async\" src=\"https:\/\/escouadeenergie.ca\/wp-content\/uploads\/2024\/03\/34-projets-1.svg\" title=\"34 projets\" alt=\"34 projets\" loading=\"lazy\" \/><\/figure><div class=\"elementor-image-box-content\"><p class=\"elementor-image-box-description\"><strong class=\"jaune\">34 projects<\/strong> in progress or completed<\/p><\/div><\/div>\t\t\t\t<\/div>\n\t\t\t\t<\/div>\n\t\t\t\t<div class=\"elementor-element elementor-element-ba1b371 elementor-position-left elementor-vertical-align-middle elementor-widget elementor-widget-image-box\" data-id=\"ba1b371\" data-element_type=\"widget\" data-widget_type=\"image-box.default\">\n\t\t\t\t<div class=\"elementor-widget-container\">\n\t\t\t\t\t<div class=\"elementor-image-box-wrapper\"><figure class=\"elementor-image-box-img\"><img decoding=\"async\" src=\"https:\/\/escouadeenergie.ca\/wp-content\/uploads\/2024\/03\/9-projets-1.svg\" title=\"9 projets\" alt=\"9 projets\" loading=\"lazy\" \/><\/figure><div class=\"elementor-image-box-content\"><p class=\"elementor-image-box-description\"><strong class=\"jaune\">9<\/strong> major <strong class=\"jaune\">projects<\/strong> in the pipeline<\/p><\/div><\/div>\t\t\t\t<\/div>\n\t\t\t\t<\/div>\n\t\t\t\t\t<\/div>\n\t\t<\/div>\n\t\t\t\t<div class=\"elementor-column elementor-col-50 elementor-top-column elementor-element elementor-element-902256d\" data-id=\"902256d\" data-element_type=\"column\">\n\t\t\t<div class=\"elementor-widget-wrap elementor-element-populated\">\n\t\t\t\t\t\t<div class=\"elementor-element elementor-element-24ea7eb elementor-widget elementor-widget-image\" data-id=\"24ea7eb\" data-element_type=\"widget\" data-widget_type=\"image.default\">\n\t\t\t\t<div class=\"elementor-widget-container\">\n\t\t\t\t\t\t\t\t\t\t\t\t\t\t\t<img fetchpriority=\"high\" decoding=\"async\" width=\"1834\" height=\"1254\" src=\"https:\/\/i0.wp.com\/escouadeenergie.ca\/wp-content\/uploads\/2024\/03\/Des-projets.png?fit=1834%2C1254&amp;ssl=1\" class=\"attachment-full size-full wp-image-2687\" alt=\"Des projets tout \nau long du cycle \nde vie de la batterie\" srcset=\"https:\/\/i0.wp.com\/escouadeenergie.ca\/wp-content\/uploads\/2024\/03\/Des-projets.png?w=1834&amp;ssl=1 1834w, https:\/\/i0.wp.com\/escouadeenergie.ca\/wp-content\/uploads\/2024\/03\/Des-projets.png?resize=300%2C205&amp;ssl=1 300w, https:\/\/i0.wp.com\/escouadeenergie.ca\/wp-content\/uploads\/2024\/03\/Des-projets.png?resize=1024%2C700&amp;ssl=1 1024w, https:\/\/i0.wp.com\/escouadeenergie.ca\/wp-content\/uploads\/2024\/03\/Des-projets.png?resize=768%2C525&amp;ssl=1 768w, https:\/\/i0.wp.com\/escouadeenergie.ca\/wp-content\/uploads\/2024\/03\/Des-projets.png?resize=1536%2C1050&amp;ssl=1 1536w, https:\/\/i0.wp.com\/escouadeenergie.ca\/wp-content\/uploads\/2024\/03\/Des-projets.png?w=1600 1600w\" sizes=\"(max-width: 800px) 100vw, 800px\" \/>\t\t\t\t\t\t\t\t\t\t\t\t\t\t\t<\/div>\n\t\t\t\t<\/div>\n\t\t\t\t\t<\/div>\n\t\t<\/div>\n\t\t\t\t\t<\/div>\n\t\t<\/section>\n\t\t\t\t<section class=\"elementor-section elementor-top-section elementor-element elementor-element-1cdbe66 elementor-section-full_width elementor-section-height-default elementor-section-height-default\" data-id=\"1cdbe66\" data-element_type=\"section\">\n\t\t\t\t\t\t<div class=\"elementor-container elementor-column-gap-default\">\n\t\t\t\t\t<div class=\"elementor-column elementor-col-100 elementor-top-column elementor-element elementor-element-7e81b99\" data-id=\"7e81b99\" data-element_type=\"column\">\n\t\t\t<div class=\"elementor-widget-wrap elementor-element-populated\">\n\t\t\t\t\t\t<section class=\"elementor-section elementor-inner-section elementor-element elementor-element-4fa46868 elementor-section-full_width elementor-section-content-space-around elementor-section-height-default elementor-section-height-default\" data-id=\"4fa46868\" data-element_type=\"section\">\n\t\t\t\t\t\t<div class=\"elementor-container elementor-column-gap-default\">\n\t\t\t\t\t<div class=\"elementor-column elementor-col-25 elementor-inner-column elementor-element elementor-element-767cc4a\" data-id=\"767cc4a\" data-element_type=\"column\">\n\t\t\t<div class=\"elementor-widget-wrap elementor-element-populated\">\n\t\t\t\t\t\t<div class=\"elementor-element elementor-element-589292ef elementor-align-center bouton-projets elementor-widget elementor-widget-button\" data-id=\"589292ef\" data-element_type=\"widget\" data-widget_type=\"button.default\">\n\t\t\t\t<div class=\"elementor-widget-container\">\n\t\t\t\t\t\t\t\t\t<div class=\"elementor-button-wrapper\">\n\t\t\t\t\t<a class=\"elementor-button elementor-button-link elementor-size-sm\" href=\"https:\/\/escouadeenergie.ca\/en\/projects-2\/batteries-mcs\/research-program\/\">\n\t\t\t\t\t\t<span class=\"elementor-button-content-wrapper\">\n\t\t\t\t\t\t\t\t\t<span class=\"elementor-button-text\">Search programming<\/span>\n\t\t\t\t\t<\/span>\n\t\t\t\t\t<\/a>\n\t\t\t\t<\/div>\n\t\t\t\t\t\t\t\t<\/div>\n\t\t\t\t<\/div>\n\t\t\t\t\t<\/div>\n\t\t<\/div>\n\t\t\t\t<div class=\"elementor-column elementor-col-25 elementor-inner-column elementor-element elementor-element-31f0b7ed\" data-id=\"31f0b7ed\" data-element_type=\"column\">\n\t\t\t<div class=\"elementor-widget-wrap elementor-element-populated\">\n\t\t\t\t\t\t<div class=\"elementor-element elementor-element-940e9e1 elementor-align-center bouton-projets elementor-widget elementor-widget-button\" data-id=\"940e9e1\" data-element_type=\"widget\" data-widget_type=\"button.default\">\n\t\t\t\t<div class=\"elementor-widget-container\">\n\t\t\t\t\t\t\t\t\t<div class=\"elementor-button-wrapper\">\n\t\t\t\t\t<a class=\"elementor-button elementor-button-link elementor-size-sm\" href=\"https:\/\/escouadeenergie.ca\/en\/projects-2\/batteries-mcs\/equipment-park\/\">\n\t\t\t\t\t\t<span class=\"elementor-button-content-wrapper\">\n\t\t\t\t\t\t\t\t\t<span class=\"elementor-button-text\">Equipment park<\/span>\n\t\t\t\t\t<\/span>\n\t\t\t\t\t<\/a>\n\t\t\t\t<\/div>\n\t\t\t\t\t\t\t\t<\/div>\n\t\t\t\t<\/div>\n\t\t\t\t\t<\/div>\n\t\t<\/div>\n\t\t\t\t<div class=\"elementor-column elementor-col-25 elementor-inner-column elementor-element elementor-element-644a80af\" data-id=\"644a80af\" data-element_type=\"column\">\n\t\t\t<div class=\"elementor-widget-wrap elementor-element-populated\">\n\t\t\t\t\t\t<div class=\"elementor-element elementor-element-4bf0d58b elementor-align-center bouton-projets elementor-widget elementor-widget-button\" data-id=\"4bf0d58b\" data-element_type=\"widget\" data-widget_type=\"button.default\">\n\t\t\t\t<div class=\"elementor-widget-container\">\n\t\t\t\t\t\t\t\t\t<div class=\"elementor-button-wrapper\">\n\t\t\t\t\t<a class=\"elementor-button elementor-button-link elementor-size-sm\" href=\"https:\/\/escouadeenergie.ca\/en\/projects-2\/batteries-mcs\/major-projects-and-planned-studies\/\">\n\t\t\t\t\t\t<span class=\"elementor-button-content-wrapper\">\n\t\t\t\t\t\t\t\t\t<span class=\"elementor-button-text\">Projects and studies in progress  <\/span>\n\t\t\t\t\t<\/span>\n\t\t\t\t\t<\/a>\n\t\t\t\t<\/div>\n\t\t\t\t\t\t\t\t<\/div>\n\t\t\t\t<\/div>\n\t\t\t\t\t<\/div>\n\t\t<\/div>\n\t\t\t\t<div class=\"elementor-column elementor-col-25 elementor-inner-column elementor-element elementor-element-1a8137fe\" data-id=\"1a8137fe\" data-element_type=\"column\">\n\t\t\t<div class=\"elementor-widget-wrap elementor-element-populated\">\n\t\t\t\t\t\t<div class=\"elementor-element elementor-element-7e322164 elementor-align-center bouton-projets elementor-widget elementor-widget-button\" data-id=\"7e322164\" data-element_type=\"widget\" data-widget_type=\"button.default\">\n\t\t\t\t<div class=\"elementor-widget-container\">\n\t\t\t\t\t\t\t\t\t<div class=\"elementor-button-wrapper\">\n\t\t\t\t\t<a class=\"elementor-button elementor-button-link elementor-size-sm\" href=\"https:\/\/escouadeenergie.ca\/en\/projects-2\/batteries-mcs\/cctt-expertise\/\">\n\t\t\t\t\t\t<span class=\"elementor-button-content-wrapper\">\n\t\t\t\t\t\t\t\t\t<span class=\"elementor-button-text\">CCTT expertise<\/span>\n\t\t\t\t\t<\/span>\n\t\t\t\t\t<\/a>\n\t\t\t\t<\/div>\n\t\t\t\t\t\t\t\t<\/div>\n\t\t\t\t<\/div>\n\t\t\t\t\t<\/div>\n\t\t<\/div>\n\t\t\t\t\t<\/div>\n\t\t<\/section>\n\t\t\t\t\t<\/div>\n\t\t<\/div>\n\t\t\t\t\t<\/div>\n\t\t<\/section>\n\t\t\t\t<\/div>\n\t\t","protected":false},"excerpt":{"rendered":"<p>Key figures CIB\u00c9T: $80 million infrastructure projectTraining micro-credits: $950,000Research project and events: $5M 50 million in equipment 34 projects in progress or completed 9 major projects in the pipeline Search programming Equipment park Projects and studies in progress CCTT expertise<\/p>\n","protected":false},"author":1,"featured_media":1003,"parent":2877,"menu_order":0,"comment_status":"closed","ping_status":"closed","template":"elementor_header_footer","meta":{"_acf_changed":false,"footnotes":""},"class_list":["post-2881","page","type-page","status-publish","has-post-thumbnail","hentry"],"acf":[],"yoast_head":"<!-- This site is optimized with the Yoast SEO plugin v27.3 - https:\/\/yoast.com\/product\/yoast-seo-wordpress\/ -->\n<title>Key figures | | ESCOUADE ENERGIE<\/title>\n<meta name=\"robots\" content=\"index, follow, max-snippet:-1, max-image-preview:large, max-video-preview:-1\" \/>\n<link rel=\"canonical\" href=\"https:\/\/escouadeenergie.ca\/projets\/batteries-mcs\/quelques-chiffres\/\" \/>\n<meta property=\"og:locale\" content=\"en_US\" \/>\n<meta property=\"og:type\" content=\"article\" \/>\n<meta property=\"og:title\" content=\"Key figures | | ESCOUADE ENERGIE\" \/>\n<meta property=\"og:description\" content=\"Key figures | | ESCOUADE ENERGIE\" \/>\n<meta property=\"og:url\" content=\"https:\/\/escouadeenergie.ca\/projets\/batteries-mcs\/quelques-chiffres\/\" \/>\n<meta property=\"og:site_name\" content=\"ESCOUADE ENERGIE\" \/>\n<meta property=\"article:publisher\" content=\"https:\/\/www.facebook.com\/profile.php?id=61552499700919&amp;locale=fr_CA\" \/>\n<meta property=\"article:modified_time\" content=\"2024-03-15T13:18:39+00:00\" \/>\n<meta property=\"og:image\" content=\"http:\/\/escouadeenergie.ca\/wp-content\/uploads\/2023\/11\/social-preview.png\" \/>\n\t<meta property=\"og:image:width\" content=\"1280\" \/>\n\t<meta property=\"og:image:height\" content=\"720\" \/>\n\t<meta property=\"og:image:type\" content=\"image\/png\" \/>\n<meta name=\"twitter:card\" content=\"summary_large_image\" \/>\n<meta name=\"twitter:description\" content=\"Key figures | | ESCOUADE ENERGIE\" \/>\n<script type=\"application\/ld+json\" class=\"yoast-schema-graph\">{\"@context\":\"https:\\\/\\\/schema.org\",\"@graph\":[{\"@type\":\"WebPage\",\"@id\":\"https:\\\/\\\/escouadeenergie.ca\\\/projets\\\/batteries-mcs\\\/quelques-chiffres\\\/\",\"url\":\"https:\\\/\\\/escouadeenergie.ca\\\/projets\\\/batteries-mcs\\\/quelques-chiffres\\\/\",\"name\":\"Key figures | | ESCOUADE ENERGIE\",\"isPartOf\":{\"@id\":\"https:\\\/\\\/escouadeenergie.ca\\\/#website\"},\"primaryImageOfPage\":{\"@id\":\"https:\\\/\\\/escouadeenergie.ca\\\/projets\\\/batteries-mcs\\\/quelques-chiffres\\\/#primaryimage\"},\"image\":{\"@id\":\"https:\\\/\\\/escouadeenergie.ca\\\/projets\\\/batteries-mcs\\\/quelques-chiffres\\\/#primaryimage\"},\"thumbnailUrl\":\"https:\\\/\\\/i0.wp.com\\\/escouadeenergie.ca\\\/wp-content\\\/uploads\\\/2023\\\/11\\\/social-preview.png?fit=1280%2C720&ssl=1\",\"datePublished\":\"2024-03-04T19:56:04+00:00\",\"dateModified\":\"2024-03-15T13:18:39+00:00\",\"breadcrumb\":{\"@id\":\"https:\\\/\\\/escouadeenergie.ca\\\/projets\\\/batteries-mcs\\\/quelques-chiffres\\\/#breadcrumb\"},\"inLanguage\":\"en-US\",\"potentialAction\":[{\"@type\":\"ReadAction\",\"target\":[\"https:\\\/\\\/escouadeenergie.ca\\\/projets\\\/batteries-mcs\\\/quelques-chiffres\\\/\"]}]},{\"@type\":\"ImageObject\",\"inLanguage\":\"en-US\",\"@id\":\"https:\\\/\\\/escouadeenergie.ca\\\/projets\\\/batteries-mcs\\\/quelques-chiffres\\\/#primaryimage\",\"url\":\"https:\\\/\\\/i0.wp.com\\\/escouadeenergie.ca\\\/wp-content\\\/uploads\\\/2023\\\/11\\\/social-preview.png?fit=1280%2C720&ssl=1\",\"contentUrl\":\"https:\\\/\\\/i0.wp.com\\\/escouadeenergie.ca\\\/wp-content\\\/uploads\\\/2023\\\/11\\\/social-preview.png?fit=1280%2C720&ssl=1\",\"width\":1280,\"height\":720},{\"@type\":\"BreadcrumbList\",\"@id\":\"https:\\\/\\\/escouadeenergie.ca\\\/projets\\\/batteries-mcs\\\/quelques-chiffres\\\/#breadcrumb\",\"itemListElement\":[{\"@type\":\"ListItem\",\"position\":1,\"name\":\"Home\",\"item\":\"https:\\\/\\\/escouadeenergie.ca\\\/en\\\/__trashed\\\/\"},{\"@type\":\"ListItem\",\"position\":2,\"name\":\"Projects\",\"item\":\"https:\\\/\\\/escouadeenergie.ca\\\/en\\\/projects-2\\\/\"},{\"@type\":\"ListItem\",\"position\":3,\"name\":\"Batteries &amp; MCS\",\"item\":\"https:\\\/\\\/escouadeenergie.ca\\\/projets\\\/batteries-mcs\\\/\"},{\"@type\":\"ListItem\",\"position\":4,\"name\":\"Key figures\"}]},{\"@type\":\"WebSite\",\"@id\":\"https:\\\/\\\/escouadeenergie.ca\\\/#website\",\"url\":\"https:\\\/\\\/escouadeenergie.ca\\\/\",\"name\":\"ESCOUADE ENERGIE\",\"description\":\"Unifier l&#039;expertise, stimuler l&#039;innovation : L&#039;Escouade \u00c9nergie, votre plateforme collaborative d\u00e9di\u00e9e aux projets \u00e9nerg\u00e9tiques transformatifs. R\u00e9unissant 21 membres de premier plan des Centres de Transfert de Technologie Coll\u00e9giaux (CCTT) depuis 2018.\",\"publisher\":{\"@id\":\"https:\\\/\\\/escouadeenergie.ca\\\/#organization\"},\"potentialAction\":[{\"@type\":\"SearchAction\",\"target\":{\"@type\":\"EntryPoint\",\"urlTemplate\":\"https:\\\/\\\/escouadeenergie.ca\\\/?s={search_term_string}\"},\"query-input\":{\"@type\":\"PropertyValueSpecification\",\"valueRequired\":true,\"valueName\":\"search_term_string\"}}],\"inLanguage\":\"en-US\"},{\"@type\":\"Organization\",\"@id\":\"https:\\\/\\\/escouadeenergie.ca\\\/#organization\",\"name\":\"ESCOUADE ENERGIE\",\"url\":\"https:\\\/\\\/escouadeenergie.ca\\\/\",\"logo\":{\"@type\":\"ImageObject\",\"inLanguage\":\"en-US\",\"@id\":\"https:\\\/\\\/escouadeenergie.ca\\\/#\\\/schema\\\/logo\\\/image\\\/\",\"url\":\"https:\\\/\\\/i0.wp.com\\\/escouadeenergie.ca\\\/wp-content\\\/uploads\\\/2023\\\/12\\\/Thumbnail_Escouade.png?fit=1200%2C630&ssl=1\",\"contentUrl\":\"https:\\\/\\\/i0.wp.com\\\/escouadeenergie.ca\\\/wp-content\\\/uploads\\\/2023\\\/12\\\/Thumbnail_Escouade.png?fit=1200%2C630&ssl=1\",\"width\":1200,\"height\":630,\"caption\":\"ESCOUADE ENERGIE\"},\"image\":{\"@id\":\"https:\\\/\\\/escouadeenergie.ca\\\/#\\\/schema\\\/logo\\\/image\\\/\"},\"sameAs\":[\"https:\\\/\\\/www.facebook.com\\\/profile.php?id=61552499700919&locale=fr_CA\",\"https:\\\/\\\/www.linkedin.com\\\/company\\\/escouade-\u00e9nergie-regroupement-des-cctt-en-transition-\u00e9nerg\u00e9tique\\\/?viewAsMember=true\"]}]}<\/script>\n<!-- \/ Yoast SEO plugin. -->","yoast_head_json":{"title":"Key figures | | ESCOUADE ENERGIE","robots":{"index":"index","follow":"follow","max-snippet":"max-snippet:-1","max-image-preview":"max-image-preview:large","max-video-preview":"max-video-preview:-1"},"canonical":"https:\/\/escouadeenergie.ca\/projets\/batteries-mcs\/quelques-chiffres\/","og_locale":"en_US","og_type":"article","og_title":"Key figures | | ESCOUADE ENERGIE","og_description":"Key figures | | ESCOUADE ENERGIE","og_url":"https:\/\/escouadeenergie.ca\/projets\/batteries-mcs\/quelques-chiffres\/","og_site_name":"ESCOUADE ENERGIE","article_publisher":"https:\/\/www.facebook.com\/profile.php?id=61552499700919&locale=fr_CA","article_modified_time":"2024-03-15T13:18:39+00:00","og_image":[{"width":1280,"height":720,"url":"http:\/\/escouadeenergie.ca\/wp-content\/uploads\/2023\/11\/social-preview.png","type":"image\/png"}],"twitter_card":"summary_large_image","twitter_description":"Key figures | | ESCOUADE ENERGIE","schema":{"@context":"https:\/\/schema.org","@graph":[{"@type":"WebPage","@id":"https:\/\/escouadeenergie.ca\/projets\/batteries-mcs\/quelques-chiffres\/","url":"https:\/\/escouadeenergie.ca\/projets\/batteries-mcs\/quelques-chiffres\/","name":"Key figures | | ESCOUADE ENERGIE","isPartOf":{"@id":"https:\/\/escouadeenergie.ca\/#website"},"primaryImageOfPage":{"@id":"https:\/\/escouadeenergie.ca\/projets\/batteries-mcs\/quelques-chiffres\/#primaryimage"},"image":{"@id":"https:\/\/escouadeenergie.ca\/projets\/batteries-mcs\/quelques-chiffres\/#primaryimage"},"thumbnailUrl":"https:\/\/i0.wp.com\/escouadeenergie.ca\/wp-content\/uploads\/2023\/11\/social-preview.png?fit=1280%2C720&ssl=1","datePublished":"2024-03-04T19:56:04+00:00","dateModified":"2024-03-15T13:18:39+00:00","breadcrumb":{"@id":"https:\/\/escouadeenergie.ca\/projets\/batteries-mcs\/quelques-chiffres\/#breadcrumb"},"inLanguage":"en-US","potentialAction":[{"@type":"ReadAction","target":["https:\/\/escouadeenergie.ca\/projets\/batteries-mcs\/quelques-chiffres\/"]}]},{"@type":"ImageObject","inLanguage":"en-US","@id":"https:\/\/escouadeenergie.ca\/projets\/batteries-mcs\/quelques-chiffres\/#primaryimage","url":"https:\/\/i0.wp.com\/escouadeenergie.ca\/wp-content\/uploads\/2023\/11\/social-preview.png?fit=1280%2C720&ssl=1","contentUrl":"https:\/\/i0.wp.com\/escouadeenergie.ca\/wp-content\/uploads\/2023\/11\/social-preview.png?fit=1280%2C720&ssl=1","width":1280,"height":720},{"@type":"BreadcrumbList","@id":"https:\/\/escouadeenergie.ca\/projets\/batteries-mcs\/quelques-chiffres\/#breadcrumb","itemListElement":[{"@type":"ListItem","position":1,"name":"Home","item":"https:\/\/escouadeenergie.ca\/en\/__trashed\/"},{"@type":"ListItem","position":2,"name":"Projects","item":"https:\/\/escouadeenergie.ca\/en\/projects-2\/"},{"@type":"ListItem","position":3,"name":"Batteries &amp; MCS","item":"https:\/\/escouadeenergie.ca\/projets\/batteries-mcs\/"},{"@type":"ListItem","position":4,"name":"Key figures"}]},{"@type":"WebSite","@id":"https:\/\/escouadeenergie.ca\/#website","url":"https:\/\/escouadeenergie.ca\/","name":"ESCOUADE ENERGIE","description":"Unifier l&#039;expertise, stimuler l&#039;innovation : L&#039;Escouade \u00c9nergie, votre plateforme collaborative d\u00e9di\u00e9e aux projets \u00e9nerg\u00e9tiques transformatifs. R\u00e9unissant 21 membres de premier plan des Centres de Transfert de Technologie Coll\u00e9giaux (CCTT) depuis 2018.","publisher":{"@id":"https:\/\/escouadeenergie.ca\/#organization"},"potentialAction":[{"@type":"SearchAction","target":{"@type":"EntryPoint","urlTemplate":"https:\/\/escouadeenergie.ca\/?s={search_term_string}"},"query-input":{"@type":"PropertyValueSpecification","valueRequired":true,"valueName":"search_term_string"}}],"inLanguage":"en-US"},{"@type":"Organization","@id":"https:\/\/escouadeenergie.ca\/#organization","name":"ESCOUADE ENERGIE","url":"https:\/\/escouadeenergie.ca\/","logo":{"@type":"ImageObject","inLanguage":"en-US","@id":"https:\/\/escouadeenergie.ca\/#\/schema\/logo\/image\/","url":"https:\/\/i0.wp.com\/escouadeenergie.ca\/wp-content\/uploads\/2023\/12\/Thumbnail_Escouade.png?fit=1200%2C630&ssl=1","contentUrl":"https:\/\/i0.wp.com\/escouadeenergie.ca\/wp-content\/uploads\/2023\/12\/Thumbnail_Escouade.png?fit=1200%2C630&ssl=1","width":1200,"height":630,"caption":"ESCOUADE ENERGIE"},"image":{"@id":"https:\/\/escouadeenergie.ca\/#\/schema\/logo\/image\/"},"sameAs":["https:\/\/www.facebook.com\/profile.php?id=61552499700919&locale=fr_CA","https:\/\/www.linkedin.com\/company\/escouade-\u00e9nergie-regroupement-des-cctt-en-transition-\u00e9nerg\u00e9tique\/?viewAsMember=true"]}]}},"_links":{"self":[{"href":"https:\/\/escouadeenergie.ca\/en\/wp-json\/wp\/v2\/pages\/2881","targetHints":{"allow":["GET"]}}],"collection":[{"href":"https:\/\/escouadeenergie.ca\/en\/wp-json\/wp\/v2\/pages"}],"about":[{"href":"https:\/\/escouadeenergie.ca\/en\/wp-json\/wp\/v2\/types\/page"}],"author":[{"embeddable":true,"href":"https:\/\/escouadeenergie.ca\/en\/wp-json\/wp\/v2\/users\/1"}],"replies":[{"embeddable":true,"href":"https:\/\/escouadeenergie.ca\/en\/wp-json\/wp\/v2\/comments?post=2881"}],"version-history":[{"count":5,"href":"https:\/\/escouadeenergie.ca\/en\/wp-json\/wp\/v2\/pages\/2881\/revisions"}],"predecessor-version":[{"id":3154,"href":"https:\/\/escouadeenergie.ca\/en\/wp-json\/wp\/v2\/pages\/2881\/revisions\/3154"}],"up":[{"embeddable":true,"href":"https:\/\/escouadeenergie.ca\/en\/wp-json\/wp\/v2\/pages\/2877"}],"wp:featuredmedia":[{"embeddable":true,"href":"https:\/\/escouadeenergie.ca\/en\/wp-json\/wp\/v2\/media\/1003"}],"wp:attachment":[{"href":"https:\/\/escouadeenergie.ca\/en\/wp-json\/wp\/v2\/media?parent=2881"}],"curies":[{"name":"wp","href":"https:\/\/api.w.org\/{rel}","templated":true}]}}