{"id":4127,"date":"2024-09-20T17:56:50","date_gmt":"2024-09-20T17:56:50","guid":{"rendered":"https:\/\/escouadeenergie.ca\/?page_id=4127"},"modified":"2024-11-08T21:08:15","modified_gmt":"2024-11-08T21:08:15","slug":"bioenergy-speakers","status":"publish","type":"page","link":"https:\/\/escouadeenergie.ca\/en\/bioenergy-speakers\/","title":{"rendered":"BIO &#8211; SPEAKERS"},"content":{"rendered":"\t\t<div data-elementor-type=\"wp-page\" data-elementor-id=\"4127\" class=\"elementor elementor-4127\" data-elementor-post-type=\"page\">\n\t\t\t\t\t\t<section class=\"elementor-section elementor-top-section elementor-element elementor-element-d43a443 elementor-section-boxed elementor-section-height-default elementor-section-height-default\" data-id=\"d43a443\" data-element_type=\"section\">\n\t\t\t\t\t\t<div class=\"elementor-container elementor-column-gap-default\">\n\t\t\t\t\t<div class=\"elementor-column elementor-col-100 elementor-top-column elementor-element elementor-element-35ce499\" data-id=\"35ce499\" data-element_type=\"column\">\n\t\t\t<div class=\"elementor-widget-wrap elementor-element-populated\">\n\t\t\t\t\t\t<div class=\"elementor-element elementor-element-abcaa99 elementor-widget elementor-widget-image\" data-id=\"abcaa99\" data-element_type=\"widget\" data-widget_type=\"image.default\">\n\t\t\t\t<div class=\"elementor-widget-container\">\n\t\t\t\t\t\t\t\t\t\t\t\t\t\t\t<img fetchpriority=\"high\" decoding=\"async\" width=\"2048\" height=\"495\" src=\"https:\/\/i0.wp.com\/escouadeenergie.ca\/wp-content\/uploads\/2024\/09\/Escouade-Energie-Journe%CC%81e-sur-les-bioe%CC%81nergies-2024-website-2481x600-1.jpg?fit=2048%2C495&amp;ssl=1\" class=\"attachment-2048x2048 size-2048x2048 wp-image-4052\" alt=\"\" \/>\t\t\t\t\t\t\t\t\t\t\t\t\t\t\t<\/div>\n\t\t\t\t<\/div>\n\t\t\t\t\t<\/div>\n\t\t<\/div>\n\t\t\t\t\t<\/div>\n\t\t<\/section>\n\t\t\t\t<section class=\"elementor-section elementor-top-section elementor-element elementor-element-3e03fa1 elementor-section-boxed elementor-section-height-default elementor-section-height-default\" data-id=\"3e03fa1\" data-element_type=\"section\" data-settings=\"{&quot;background_background&quot;:&quot;classic&quot;}\">\n\t\t\t\t\t\t<div class=\"elementor-container elementor-column-gap-default\">\n\t\t\t\t\t<div class=\"elementor-column elementor-col-100 elementor-top-column elementor-element elementor-element-204e3a6\" data-id=\"204e3a6\" data-element_type=\"column\">\n\t\t\t<div class=\"elementor-widget-wrap elementor-element-populated\">\n\t\t\t\t\t\t<div class=\"elementor-element elementor-element-42679fa4 elementor-widget elementor-widget-shortcode\" data-id=\"42679fa4\" data-element_type=\"widget\" data-widget_type=\"shortcode.default\">\n\t\t\t\t<div class=\"elementor-widget-container\">\n\t\t\t\t\t\t\t<div class=\"elementor-shortcode\">[em_performers display_style=grid limit=200  ]\n<\/div>\n\t\t\t\t\t\t<\/div>\n\t\t\t\t<\/div>\n\t\t\t\t\t<\/div>\n\t\t<\/div>\n\t\t\t\t\t<\/div>\n\t\t<\/section>\n\t\t\t\t<\/div>\n\t\t","protected":false},"excerpt":{"rendered":"<p>[em_performers display_style=grid limit=200 ]<\/p>\n","protected":false},"author":2,"featured_media":0,"parent":0,"menu_order":0,"comment_status":"closed","ping_status":"closed","template":"elementor_header_footer","meta":{"_acf_changed":false,"footnotes":""},"class_list":["post-4127","page","type-page","status-publish","hentry"],"acf":[],"yoast_head":"<!-- This site is optimized with the Yoast SEO plugin v27.3 - https:\/\/yoast.com\/product\/yoast-seo-wordpress\/ -->\n<title>BIO - SPEAKERS - ESCOUADE ENERGIE<\/title>\n<meta name=\"robots\" content=\"index, follow, max-snippet:-1, max-image-preview:large, max-video-preview:-1\" \/>\n<link rel=\"canonical\" href=\"https:\/\/escouadeenergie.ca\/en\/bioenergy-speakers\/\" \/>\n<meta property=\"og:locale\" content=\"en_US\" \/>\n<meta property=\"og:type\" content=\"article\" \/>\n<meta property=\"og:title\" content=\"BIO - SPEAKERS - ESCOUADE ENERGIE\" \/>\n<meta property=\"og:description\" content=\"[em_performers display_style=grid limit=200 ]\" \/>\n<meta property=\"og:url\" content=\"https:\/\/escouadeenergie.ca\/en\/bioenergy-speakers\/\" \/>\n<meta property=\"og:site_name\" content=\"ESCOUADE ENERGIE\" \/>\n<meta property=\"article:publisher\" content=\"https:\/\/www.facebook.com\/profile.php?id=61552499700919&amp;locale=fr_CA\" \/>\n<meta property=\"article:modified_time\" content=\"2024-11-08T21:08:15+00:00\" \/>\n<meta property=\"og:image\" content=\"https:\/\/i0.wp.com\/escouadeenergie.ca\/wp-content\/uploads\/2023\/12\/Thumbnail_Escouade.png?fit=1200%2C630&ssl=1\" \/>\n\t<meta property=\"og:image:width\" content=\"1200\" \/>\n\t<meta property=\"og:image:height\" content=\"630\" \/>\n\t<meta property=\"og:image:type\" content=\"image\/png\" \/>\n<meta name=\"twitter:card\" content=\"summary_large_image\" \/>\n<meta name=\"twitter:label1\" content=\"Est. reading time\" \/>\n\t<meta name=\"twitter:data1\" content=\"1 minute\" \/>\n<script type=\"application\/ld+json\" class=\"yoast-schema-graph\">{\"@context\":\"https:\\\/\\\/schema.org\",\"@graph\":[{\"@type\":\"WebPage\",\"@id\":\"https:\\\/\\\/escouadeenergie.ca\\\/en\\\/bioenergy-speakers\\\/\",\"url\":\"https:\\\/\\\/escouadeenergie.ca\\\/en\\\/bioenergy-speakers\\\/\",\"name\":\"BIO - SPEAKERS - ESCOUADE ENERGIE\",\"isPartOf\":{\"@id\":\"https:\\\/\\\/escouadeenergie.ca\\\/#website\"},\"datePublished\":\"2024-09-20T17:56:50+00:00\",\"dateModified\":\"2024-11-08T21:08:15+00:00\",\"breadcrumb\":{\"@id\":\"https:\\\/\\\/escouadeenergie.ca\\\/en\\\/bioenergy-speakers\\\/#breadcrumb\"},\"inLanguage\":\"en-US\",\"potentialAction\":[{\"@type\":\"ReadAction\",\"target\":[\"https:\\\/\\\/escouadeenergie.ca\\\/en\\\/bioenergy-speakers\\\/\"]}]},{\"@type\":\"BreadcrumbList\",\"@id\":\"https:\\\/\\\/escouadeenergie.ca\\\/en\\\/bioenergy-speakers\\\/#breadcrumb\",\"itemListElement\":[{\"@type\":\"ListItem\",\"position\":1,\"name\":\"Home\",\"item\":\"https:\\\/\\\/escouadeenergie.ca\\\/en\\\/__trashed\\\/\"},{\"@type\":\"ListItem\",\"position\":2,\"name\":\"BIO &#8211; SPEAKERS\"}]},{\"@type\":\"WebSite\",\"@id\":\"https:\\\/\\\/escouadeenergie.ca\\\/#website\",\"url\":\"https:\\\/\\\/escouadeenergie.ca\\\/\",\"name\":\"ESCOUADE ENERGIE\",\"description\":\"Unifier l&#039;expertise, stimuler l&#039;innovation : L&#039;Escouade \u00c9nergie, votre plateforme collaborative d\u00e9di\u00e9e aux projets \u00e9nerg\u00e9tiques transformatifs. R\u00e9unissant 21 membres de premier plan des Centres de Transfert de Technologie Coll\u00e9giaux (CCTT) depuis 2018.\",\"publisher\":{\"@id\":\"https:\\\/\\\/escouadeenergie.ca\\\/#organization\"},\"potentialAction\":[{\"@type\":\"SearchAction\",\"target\":{\"@type\":\"EntryPoint\",\"urlTemplate\":\"https:\\\/\\\/escouadeenergie.ca\\\/?s={search_term_string}\"},\"query-input\":{\"@type\":\"PropertyValueSpecification\",\"valueRequired\":true,\"valueName\":\"search_term_string\"}}],\"inLanguage\":\"en-US\"},{\"@type\":\"Organization\",\"@id\":\"https:\\\/\\\/escouadeenergie.ca\\\/#organization\",\"name\":\"ESCOUADE ENERGIE\",\"url\":\"https:\\\/\\\/escouadeenergie.ca\\\/\",\"logo\":{\"@type\":\"ImageObject\",\"inLanguage\":\"en-US\",\"@id\":\"https:\\\/\\\/escouadeenergie.ca\\\/#\\\/schema\\\/logo\\\/image\\\/\",\"url\":\"https:\\\/\\\/i0.wp.com\\\/escouadeenergie.ca\\\/wp-content\\\/uploads\\\/2023\\\/12\\\/Thumbnail_Escouade.png?fit=1200%2C630&ssl=1\",\"contentUrl\":\"https:\\\/\\\/i0.wp.com\\\/escouadeenergie.ca\\\/wp-content\\\/uploads\\\/2023\\\/12\\\/Thumbnail_Escouade.png?fit=1200%2C630&ssl=1\",\"width\":1200,\"height\":630,\"caption\":\"ESCOUADE ENERGIE\"},\"image\":{\"@id\":\"https:\\\/\\\/escouadeenergie.ca\\\/#\\\/schema\\\/logo\\\/image\\\/\"},\"sameAs\":[\"https:\\\/\\\/www.facebook.com\\\/profile.php?id=61552499700919&locale=fr_CA\",\"https:\\\/\\\/www.linkedin.com\\\/company\\\/escouade-\u00e9nergie-regroupement-des-cctt-en-transition-\u00e9nerg\u00e9tique\\\/?viewAsMember=true\"]}]}<\/script>\n<!-- \/ Yoast SEO plugin. -->","yoast_head_json":{"title":"BIO - SPEAKERS - ESCOUADE ENERGIE","robots":{"index":"index","follow":"follow","max-snippet":"max-snippet:-1","max-image-preview":"max-image-preview:large","max-video-preview":"max-video-preview:-1"},"canonical":"https:\/\/escouadeenergie.ca\/en\/bioenergy-speakers\/","og_locale":"en_US","og_type":"article","og_title":"BIO - SPEAKERS - ESCOUADE ENERGIE","og_description":"[em_performers display_style=grid limit=200 ]","og_url":"https:\/\/escouadeenergie.ca\/en\/bioenergy-speakers\/","og_site_name":"ESCOUADE ENERGIE","article_publisher":"https:\/\/www.facebook.com\/profile.php?id=61552499700919&locale=fr_CA","article_modified_time":"2024-11-08T21:08:15+00:00","og_image":[{"width":1200,"height":630,"url":"https:\/\/i0.wp.com\/escouadeenergie.ca\/wp-content\/uploads\/2023\/12\/Thumbnail_Escouade.png?fit=1200%2C630&ssl=1","type":"image\/png"}],"twitter_card":"summary_large_image","twitter_misc":{"Est. reading time":"1 minute"},"schema":{"@context":"https:\/\/schema.org","@graph":[{"@type":"WebPage","@id":"https:\/\/escouadeenergie.ca\/en\/bioenergy-speakers\/","url":"https:\/\/escouadeenergie.ca\/en\/bioenergy-speakers\/","name":"BIO - SPEAKERS - ESCOUADE ENERGIE","isPartOf":{"@id":"https:\/\/escouadeenergie.ca\/#website"},"datePublished":"2024-09-20T17:56:50+00:00","dateModified":"2024-11-08T21:08:15+00:00","breadcrumb":{"@id":"https:\/\/escouadeenergie.ca\/en\/bioenergy-speakers\/#breadcrumb"},"inLanguage":"en-US","potentialAction":[{"@type":"ReadAction","target":["https:\/\/escouadeenergie.ca\/en\/bioenergy-speakers\/"]}]},{"@type":"BreadcrumbList","@id":"https:\/\/escouadeenergie.ca\/en\/bioenergy-speakers\/#breadcrumb","itemListElement":[{"@type":"ListItem","position":1,"name":"Home","item":"https:\/\/escouadeenergie.ca\/en\/__trashed\/"},{"@type":"ListItem","position":2,"name":"BIO &#8211; SPEAKERS"}]},{"@type":"WebSite","@id":"https:\/\/escouadeenergie.ca\/#website","url":"https:\/\/escouadeenergie.ca\/","name":"ESCOUADE ENERGIE","description":"Unifier l&#039;expertise, stimuler l&#039;innovation : L&#039;Escouade \u00c9nergie, votre plateforme collaborative d\u00e9di\u00e9e aux projets \u00e9nerg\u00e9tiques transformatifs. R\u00e9unissant 21 membres de premier plan des Centres de Transfert de Technologie Coll\u00e9giaux (CCTT) depuis 2018.","publisher":{"@id":"https:\/\/escouadeenergie.ca\/#organization"},"potentialAction":[{"@type":"SearchAction","target":{"@type":"EntryPoint","urlTemplate":"https:\/\/escouadeenergie.ca\/?s={search_term_string}"},"query-input":{"@type":"PropertyValueSpecification","valueRequired":true,"valueName":"search_term_string"}}],"inLanguage":"en-US"},{"@type":"Organization","@id":"https:\/\/escouadeenergie.ca\/#organization","name":"ESCOUADE ENERGIE","url":"https:\/\/escouadeenergie.ca\/","logo":{"@type":"ImageObject","inLanguage":"en-US","@id":"https:\/\/escouadeenergie.ca\/#\/schema\/logo\/image\/","url":"https:\/\/i0.wp.com\/escouadeenergie.ca\/wp-content\/uploads\/2023\/12\/Thumbnail_Escouade.png?fit=1200%2C630&ssl=1","contentUrl":"https:\/\/i0.wp.com\/escouadeenergie.ca\/wp-content\/uploads\/2023\/12\/Thumbnail_Escouade.png?fit=1200%2C630&ssl=1","width":1200,"height":630,"caption":"ESCOUADE ENERGIE"},"image":{"@id":"https:\/\/escouadeenergie.ca\/#\/schema\/logo\/image\/"},"sameAs":["https:\/\/www.facebook.com\/profile.php?id=61552499700919&locale=fr_CA","https:\/\/www.linkedin.com\/company\/escouade-\u00e9nergie-regroupement-des-cctt-en-transition-\u00e9nerg\u00e9tique\/?viewAsMember=true"]}]}},"_links":{"self":[{"href":"https:\/\/escouadeenergie.ca\/en\/wp-json\/wp\/v2\/pages\/4127","targetHints":{"allow":["GET"]}}],"collection":[{"href":"https:\/\/escouadeenergie.ca\/en\/wp-json\/wp\/v2\/pages"}],"about":[{"href":"https:\/\/escouadeenergie.ca\/en\/wp-json\/wp\/v2\/types\/page"}],"author":[{"embeddable":true,"href":"https:\/\/escouadeenergie.ca\/en\/wp-json\/wp\/v2\/users\/2"}],"replies":[{"embeddable":true,"href":"https:\/\/escouadeenergie.ca\/en\/wp-json\/wp\/v2\/comments?post=4127"}],"version-history":[{"count":23,"href":"https:\/\/escouadeenergie.ca\/en\/wp-json\/wp\/v2\/pages\/4127\/revisions"}],"predecessor-version":[{"id":5093,"href":"https:\/\/escouadeenergie.ca\/en\/wp-json\/wp\/v2\/pages\/4127\/revisions\/5093"}],"wp:attachment":[{"href":"https:\/\/escouadeenergie.ca\/en\/wp-json\/wp\/v2\/media?parent=4127"}],"curies":[{"name":"wp","href":"https:\/\/api.w.org\/{rel}","templated":true}]}}