{"id":4430,"date":"2024-09-23T18:31:52","date_gmt":"2024-09-23T18:31:52","guid":{"rendered":"https:\/\/escouadeenergie.ca\/?page_id=4430"},"modified":"2024-11-19T21:06:59","modified_gmt":"2024-11-19T21:06:59","slug":"bioenergy-logistics","status":"publish","type":"page","link":"https:\/\/escouadeenergie.ca\/en\/bioenergy-logistics\/","title":{"rendered":"BIO &#8211; LOGISTICS"},"content":{"rendered":"\t\t<div data-elementor-type=\"wp-page\" data-elementor-id=\"4430\" class=\"elementor elementor-4430\" data-elementor-post-type=\"page\">\n\t\t\t\t\t\t<section class=\"elementor-section elementor-top-section elementor-element elementor-element-3868a75 elementor-section-boxed elementor-section-height-default elementor-section-height-default\" data-id=\"3868a75\" data-element_type=\"section\">\n\t\t\t\t\t\t<div class=\"elementor-container elementor-column-gap-default\">\n\t\t\t\t\t<div class=\"elementor-column elementor-col-100 elementor-top-column elementor-element elementor-element-9ffaa62\" data-id=\"9ffaa62\" data-element_type=\"column\">\n\t\t\t<div class=\"elementor-widget-wrap elementor-element-populated\">\n\t\t\t\t\t\t<div class=\"elementor-element elementor-element-8da4780 elementor-widget elementor-widget-image\" data-id=\"8da4780\" data-element_type=\"widget\" data-widget_type=\"image.default\">\n\t\t\t\t<div class=\"elementor-widget-container\">\n\t\t\t\t\t\t\t\t\t\t\t\t\t\t\t<img fetchpriority=\"high\" decoding=\"async\" width=\"2481\" height=\"600\" src=\"https:\/\/i0.wp.com\/escouadeenergie.ca\/wp-content\/uploads\/2024\/09\/Escouade-Energie-Journe%CC%81e-sur-les-bioe%CC%81nergies-2024-website-2481x600-1.jpg?fit=2481%2C600&amp;ssl=1\" class=\"attachment-full size-full wp-image-4052\" alt=\"\" \/>\t\t\t\t\t\t\t\t\t\t\t\t\t\t\t<\/div>\n\t\t\t\t<\/div>\n\t\t\t\t\t<\/div>\n\t\t<\/div>\n\t\t\t\t\t<\/div>\n\t\t<\/section>\n\t\t<div class=\"elementor-element elementor-element-b539154 e-flex e-con-boxed e-con e-parent\" data-id=\"b539154\" data-element_type=\"container\">\n\t\t\t\t\t<div class=\"e-con-inner\">\n\t\t\t\t<div class=\"elementor-element elementor-element-33db97c elementor-widget elementor-widget-heading\" data-id=\"33db97c\" data-element_type=\"widget\" data-widget_type=\"heading.default\">\n\t\t\t\t<div class=\"elementor-widget-container\">\n\t\t\t\t\t<h2 class=\"elementor-heading-title elementor-size-default\">ACCOMMODATION<\/h2>\t\t\t\t<\/div>\n\t\t\t\t<\/div>\n\t\t\t\t<div class=\"elementor-element elementor-element-6847017 elementor-widget elementor-widget-text-editor\" data-id=\"6847017\" data-element_type=\"widget\" data-widget_type=\"text-editor.default\">\n\t\t\t\t<div class=\"elementor-widget-container\">\n\t\t\t\t\t\t\t\t\t<p>Blocks of rooms have been specially reserved for you at the H\u00f4tel du Domaine in Thetford Mines. They offer a wide range of accommodations at specially negotiated rates! To take advantage of this, simply mention the group code you received when registering for the event. The reception team will then apply the agreed-upon preferential rate.<\/p>\t\t\t\t\t\t\t\t<\/div>\n\t\t\t\t<\/div>\n\t\t\t\t<div class=\"elementor-element elementor-element-f086549 elementor-widget elementor-widget-heading\" data-id=\"f086549\" data-element_type=\"widget\" data-widget_type=\"heading.default\">\n\t\t\t\t<div class=\"elementor-widget-container\">\n\t\t\t\t\t<h2 class=\"elementor-heading-title elementor-size-default\">Pratical information<\/h2>\t\t\t\t<\/div>\n\t\t\t\t<\/div>\n\t\t\t\t\t<\/div>\n\t\t\t\t<\/div>\n\t\t<div class=\"elementor-element elementor-element-1bb0e2d e-flex e-con-boxed e-con e-parent\" data-id=\"1bb0e2d\" data-element_type=\"container\">\n\t\t\t\t\t<div class=\"e-con-inner\">\n\t\t<div class=\"elementor-element elementor-element-c382c7e e-con-full e-flex e-con e-child\" data-id=\"c382c7e\" data-element_type=\"container\">\n\t\t\t\t<div class=\"elementor-element elementor-element-96348c6 elementor-widget elementor-widget-image\" data-id=\"96348c6\" data-element_type=\"widget\" data-widget_type=\"image.default\">\n\t\t\t\t<div class=\"elementor-widget-container\">\n\t\t\t\t\t\t\t\t\t\t\t\t\t\t\t<img decoding=\"async\" width=\"545\" height=\"364\" src=\"https:\/\/i0.wp.com\/escouadeenergie.ca\/wp-content\/uploads\/2024\/11\/Capture-decran-2024-11-12-144441.png?fit=545%2C364&amp;ssl=1\" class=\"attachment-large size-large wp-image-5147\" alt=\"\" srcset=\"https:\/\/i0.wp.com\/escouadeenergie.ca\/wp-content\/uploads\/2024\/11\/Capture-decran-2024-11-12-144441.png?w=545&amp;ssl=1 545w, https:\/\/i0.wp.com\/escouadeenergie.ca\/wp-content\/uploads\/2024\/11\/Capture-decran-2024-11-12-144441.png?resize=300%2C200&amp;ssl=1 300w\" sizes=\"(max-width: 545px) 100vw, 545px\" \/>\t\t\t\t\t\t\t\t\t\t\t\t\t\t\t<\/div>\n\t\t\t\t<\/div>\n\t\t\t\t<\/div>\n\t\t<div class=\"elementor-element elementor-element-b903e8c e-con-full e-flex e-con e-child\" data-id=\"b903e8c\" data-element_type=\"container\">\n\t\t<div class=\"elementor-element elementor-element-7199801 e-con-full e-flex e-con e-child\" data-id=\"7199801\" data-element_type=\"container\">\n\t\t\t\t<div class=\"elementor-element elementor-element-ca7ee9a elementor-widget elementor-widget-text-editor\" data-id=\"ca7ee9a\" data-element_type=\"widget\" data-widget_type=\"text-editor.default\">\n\t\t\t\t<div class=\"elementor-widget-container\">\n\t\t\t\t\t\t\t\t\t<p>SITE VISITS &#8211; 25\/11\/2024<\/p>\t\t\t\t\t\t\t\t<\/div>\n\t\t\t\t<\/div>\n\t\t\t\t<div class=\"elementor-element elementor-element-07cda46 elementor-widget elementor-widget-text-editor\" data-id=\"07cda46\" data-element_type=\"widget\" data-widget_type=\"text-editor.default\">\n\t\t\t\t<div class=\"elementor-widget-container\">\n\t\t\t\t\t\t\t\t\t<div class=\"wDYxhc\" data-attrid=\"kc:\/location\/location:address\" data-md=\"1002\" data-hveid=\"CC8QAA\" data-ved=\"2ahUKEwj14J3Wz9eJAxX6MVkFHcthFigQkCl6BAgvEAA\"><div class=\"Z1hOCe\"><div class=\"zloOqf lew4sc PZPZlf\" data-dtype=\"d3ifr\" data-local-attribute=\"d3adr\" data-mid=\"\/g\/11by_ykjvx\" data-ved=\"2ahUKEwj14J3Wz9eJAxX6MVkFHcthFigQghwoAHoECC8QAQ\"><b>12:00 &#8211; Lunch at Coalia: <\/b>671 Bd Frontenac O, Thetford Mines, QC G6G 1N1<\/div><div data-dtype=\"d3ifr\" data-local-attribute=\"d3adr\" data-mid=\"\/g\/11by_ykjvx\" data-ved=\"2ahUKEwj14J3Wz9eJAxX6MVkFHcthFigQghwoAHoECC8QAQ\"><b>13:00 &#8211; Visit to the Coalia Center<\/b><\/div><div data-dtype=\"d3ifr\" data-local-attribute=\"d3adr\" data-mid=\"\/g\/11by_ykjvx\" data-ved=\"2ahUKEwj14J3Wz9eJAxX6MVkFHcthFigQghwoAHoECC8QAQ\"><strong>15:00<\/strong> &#8211; <b>Visit to the Kemitek Center <\/b>835 Rue Mooney O, Thetford Mines, QC G6G 0A5<\/div><\/div><\/div>\t\t\t\t\t\t\t\t<\/div>\n\t\t\t\t<\/div>\n\t\t\t\t<div class=\"elementor-element elementor-element-b716bc7 elementor-widget elementor-widget-text-editor\" data-id=\"b716bc7\" data-element_type=\"widget\" data-widget_type=\"text-editor.default\">\n\t\t\t\t<div class=\"elementor-widget-container\">\n\t\t\t\t\t\t\t\t\t<p>BIOENERGY INNOVATION DAY &#8211; 26\/11\/2024<\/p>\t\t\t\t\t\t\t\t<\/div>\n\t\t\t\t<\/div>\n\t\t\t\t<div class=\"elementor-element elementor-element-ecd0eb5 elementor-widget elementor-widget-text-editor\" data-id=\"ecd0eb5\" data-element_type=\"widget\" data-widget_type=\"text-editor.default\">\n\t\t\t\t<div class=\"elementor-widget-container\">\n\t\t\t\t\t\t\t\t\t<div class=\"wDYxhc\" data-attrid=\"kc:\/location\/location:address\" data-md=\"1002\" data-hveid=\"CC8QAA\" data-ved=\"2ahUKEwj14J3Wz9eJAxX6MVkFHcthFigQkCl6BAgvEAA\"><div class=\"Z1hOCe\"><div class=\"zloOqf lew4sc PZPZlf\" data-dtype=\"d3ifr\" data-local-attribute=\"d3adr\" data-mid=\"\/g\/11by_ykjvx\" data-ved=\"2ahUKEwj14J3Wz9eJAxX6MVkFHcthFigQghwoAHoECC8QAQ\"><span class=\"w8qArf FoJoyf\"><b>centre des congr\u00e8s de Thetford Mines<\/b><\/span><\/div><div class=\"zloOqf lew4sc PZPZlf\" data-dtype=\"d3ifr\" data-local-attribute=\"d3adr\" data-mid=\"\/g\/11by_ykjvx\" data-ved=\"2ahUKEwj14J3Wz9eJAxX6MVkFHcthFigQghwoAHoECC8QAQ\"><span class=\"w8qArf FoJoyf\"><a href=\"https:\/\/www.google.com\/search?sca_esv=ae093cb415ffb20d&amp;rlz=1C1GCEA_enCA1129CA1129&amp;sxsrf=ADLYWIIHEp8PVBTrUUjAv1plyICQzrjKvA:1731442963352&amp;q=h%C3%B4tel+du+domaine+adresse&amp;ludocid=3926826620686192476&amp;sa=X&amp;ved=2ahUKEwj14J3Wz9eJAxX6MVkFHcthFigQ6BN6BAgvEAI\">Location<\/a> :\u00a0<\/span><span class=\"LrzXr\">755 9e Rue S, Thetford Mines, QC G6G 0G1<\/span><\/div><\/div><\/div><div class=\"wDYxhc\" data-attrid=\"kc:\/local:alt phone\" data-md=\"1006\" data-hveid=\"CDAQAA\" data-ved=\"2ahUKEwj14J3Wz9eJAxX6MVkFHcthFigQkCl6BAgwEAA\"><div class=\"Z1hOCe\"><div class=\"zloOqf PZPZlf\" data-dtype=\"d3ifr\" data-local-attribute=\"d3ph\" data-ved=\"2ahUKEwj14J3Wz9eJAxX6MVkFHcthFigQ8I0BKAB6BAgwEAE\"><span class=\"w8qArf FoJoyf\">T\u00e9l\u00e9phone\u00a0:\u00a0<\/span><span class=\"LrzXr zdqRlf kno-fv\"><a href=\"https:\/\/www.google.com\/search?q=hotel+du+domaine+centre+de+congres&amp;rlz=1C1GCEA_enCA1129CA1129&amp;oq=hotel+du+domaine+centre+de+congres&amp;gs_lcrp=EgZjaHJvbWUyBggAEEUYOTIICAEQABgWGB4yCggCEAAYgAQYogQyCggDEAAYgAQYogQyCggEEAAYgAQYogQyBggFEEUYPDIGCAYQRRg80gEJMTEyNzhqMWo3qAIAsAIA&amp;sourceid=chrome&amp;ie=UTF-8#\" data-dtype=\"d3ph\" data-local-attribute=\"d3ph\" data-ved=\"2ahUKEwj14J3Wz9eJAxX6MVkFHcthFigQkAgoAHoECDAQAg\"><span aria-label=\"Composer le num\u00e9ro (418) 755-1335\">(418) 755-1335<\/span><\/a><\/span><\/div><div data-dtype=\"d3ifr\" data-local-attribute=\"d3ph\" data-ved=\"2ahUKEwj14J3Wz9eJAxX6MVkFHcthFigQ8I0BKAB6BAgwEAE\">\u00a0<\/div><div data-dtype=\"d3ifr\" data-local-attribute=\"d3ph\" data-ved=\"2ahUKEwj14J3Wz9eJAxX6MVkFHcthFigQ8I0BKAB6BAgwEAE\"><span class=\"w8qArf FoJoyf\">Starting time: 8:00AM\u00a0<\/span><\/div><\/div><\/div>\t\t\t\t\t\t\t\t<\/div>\n\t\t\t\t<\/div>\n\t\t\t\t<\/div>\n\t\t<div class=\"elementor-element elementor-element-ea79ae4 e-con-full e-flex e-con e-child\" data-id=\"ea79ae4\" data-element_type=\"container\">\n\t\t\t\t<div class=\"elementor-element elementor-element-c53241d elementor-align-center elementor-widget elementor-widget-button\" data-id=\"c53241d\" data-element_type=\"widget\" data-widget_type=\"button.default\">\n\t\t\t\t<div class=\"elementor-widget-container\">\n\t\t\t\t\t\t\t\t\t<div class=\"elementor-button-wrapper\">\n\t\t\t\t\t<a class=\"elementor-button elementor-button-link elementor-size-sm\" href=\"https:\/\/secure.reservit.com\/fo\/booking\/58\/253494\/dates?specialMode=default&#038;langcode=FR&#038;__utmz=128918670.1634648384.1.1.utmcsr%3D(direct)%7Cutmccn%3D(direct)%7Cutmcmd%3D(none)&#038;custid=58&#038;__utmb=128918670.1.10.1644956378&#038;hotelid=253494&#038;__utmc=128918670&#038;m=booking&#038;__utma=234311069.1824384039.1634666157.1637251039.1637251039.1&#038;_ga=2.85862943.784011594.1731440768-1896773641.1730215396\">\n\t\t\t\t\t\t<span class=\"elementor-button-content-wrapper\">\n\t\t\t\t\t\t\t\t\t<span class=\"elementor-button-text\">RESERVATION<\/span>\n\t\t\t\t\t<\/span>\n\t\t\t\t\t<\/a>\n\t\t\t\t<\/div>\n\t\t\t\t\t\t\t\t<\/div>\n\t\t\t\t<\/div>\n\t\t\t\t<\/div>\n\t\t\t\t<\/div>\n\t\t\t\t\t<\/div>\n\t\t\t\t<\/div>\n\t\t<div class=\"elementor-element elementor-element-a510c53 e-flex e-con-boxed e-con e-parent\" data-id=\"a510c53\" data-element_type=\"container\">\n\t\t\t\t\t<div class=\"e-con-inner\">\n\t\t\t\t<div class=\"elementor-element elementor-element-64b3ba5 elementor-widget elementor-widget-heading\" data-id=\"64b3ba5\" data-element_type=\"widget\" data-widget_type=\"heading.default\">\n\t\t\t\t<div class=\"elementor-widget-container\">\n\t\t\t\t\t<h2 class=\"elementor-heading-title elementor-size-default\">CO2 EMISSION CALCULATOR<\/h2>\t\t\t\t<\/div>\n\t\t\t\t<\/div>\n\t\t\t\t\t<\/div>\n\t\t\t\t<\/div>\n\t\t<div class=\"elementor-element elementor-element-d37f62f e-grid e-con-boxed e-con e-parent\" data-id=\"d37f62f\" data-element_type=\"container\">\n\t\t\t\t\t<div class=\"e-con-inner\">\n\t\t\t\t<div class=\"elementor-element elementor-element-df3abb9 elementor-widget elementor-widget-shortcode\" data-id=\"df3abb9\" data-element_type=\"widget\" data-widget_type=\"shortcode.default\">\n\t\t\t\t<div class=\"elementor-widget-container\">\n\t\t\t\t\t\t\t<div class=\"elementor-shortcode\"><script name=\"impact-co2\" src=\"https:\/\/impactco2.fr\/iframe.js\" data-type=\"transport\" data-search=\"?theme=default&language=fr&km=10&itineraireStart=Shawinigan Canada&itineraireEnd=Thetford Mines Canada&defaultMode=list&comparison=voiturethermique,avion&modes=avion,voiturethermique+1,voiturethermique,voitureelectrique+1,voitureelectrique,velo,busthermique,moto,buselectrique&roundTrip=true\"><\/script><\/div>\n\t\t\t\t\t\t<\/div>\n\t\t\t\t<\/div>\n\t\t\t\t\t<\/div>\n\t\t\t\t<\/div>\n\t\t\t\t<\/div>\n\t\t","protected":false},"excerpt":{"rendered":"<p>ACCOMMODATION Blocks of rooms have been specially reserved for you at the H\u00f4tel du Domaine in Thetford Mines. They offer a wide range of accommodations at specially negotiated rates! To take advantage of this, simply mention the group code you received when registering for the event. The reception team will then apply the agreed-upon preferential [&hellip;]<\/p>\n","protected":false},"author":2,"featured_media":0,"parent":0,"menu_order":0,"comment_status":"closed","ping_status":"closed","template":"","meta":{"_acf_changed":false,"footnotes":""},"class_list":["post-4430","page","type-page","status-publish","hentry"],"acf":[],"yoast_head":"<!-- This site is optimized with the Yoast SEO plugin v27.3 - https:\/\/yoast.com\/product\/yoast-seo-wordpress\/ -->\n<title>BIO - LOGISTICS - ESCOUADE ENERGIE<\/title>\n<meta name=\"robots\" content=\"index, follow, max-snippet:-1, max-image-preview:large, max-video-preview:-1\" \/>\n<link rel=\"canonical\" href=\"https:\/\/escouadeenergie.ca\/en\/bioenergy-logistics\/\" \/>\n<meta property=\"og:locale\" content=\"en_US\" \/>\n<meta property=\"og:type\" content=\"article\" \/>\n<meta property=\"og:title\" content=\"BIO - LOGISTICS - ESCOUADE ENERGIE\" \/>\n<meta property=\"og:description\" content=\"ACCOMMODATION Blocks of rooms have been specially reserved for you at the H\u00f4tel du Domaine in Thetford Mines. They offer a wide range of accommodations at specially negotiated rates! To take advantage of this, simply mention the group code you received when registering for the event. The reception team will then apply the agreed-upon preferential [&hellip;]\" \/>\n<meta property=\"og:url\" content=\"https:\/\/escouadeenergie.ca\/en\/bioenergy-logistics\/\" \/>\n<meta property=\"og:site_name\" content=\"ESCOUADE ENERGIE\" \/>\n<meta property=\"article:publisher\" content=\"https:\/\/www.facebook.com\/profile.php?id=61552499700919&amp;locale=fr_CA\" \/>\n<meta property=\"article:modified_time\" content=\"2024-11-19T21:06:59+00:00\" \/>\n<meta property=\"og:image\" content=\"http:\/\/escouadeenergie.ca\/wp-content\/uploads\/2024\/11\/Capture-decran-2024-11-12-144441.png\" \/>\n<meta name=\"twitter:card\" content=\"summary_large_image\" \/>\n<meta name=\"twitter:label1\" content=\"Est. reading time\" \/>\n\t<meta name=\"twitter:data1\" content=\"1 minute\" \/>\n<script type=\"application\/ld+json\" class=\"yoast-schema-graph\">{\"@context\":\"https:\\\/\\\/schema.org\",\"@graph\":[{\"@type\":\"WebPage\",\"@id\":\"https:\\\/\\\/escouadeenergie.ca\\\/en\\\/bioenergy-logistics\\\/\",\"url\":\"https:\\\/\\\/escouadeenergie.ca\\\/en\\\/bioenergy-logistics\\\/\",\"name\":\"BIO - LOGISTICS - ESCOUADE ENERGIE\",\"isPartOf\":{\"@id\":\"https:\\\/\\\/escouadeenergie.ca\\\/#website\"},\"primaryImageOfPage\":{\"@id\":\"https:\\\/\\\/escouadeenergie.ca\\\/en\\\/bioenergy-logistics\\\/#primaryimage\"},\"image\":{\"@id\":\"https:\\\/\\\/escouadeenergie.ca\\\/en\\\/bioenergy-logistics\\\/#primaryimage\"},\"thumbnailUrl\":\"http:\\\/\\\/escouadeenergie.ca\\\/wp-content\\\/uploads\\\/2024\\\/11\\\/Capture-decran-2024-11-12-144441.png\",\"datePublished\":\"2024-09-23T18:31:52+00:00\",\"dateModified\":\"2024-11-19T21:06:59+00:00\",\"breadcrumb\":{\"@id\":\"https:\\\/\\\/escouadeenergie.ca\\\/en\\\/bioenergy-logistics\\\/#breadcrumb\"},\"inLanguage\":\"en-US\",\"potentialAction\":[{\"@type\":\"ReadAction\",\"target\":[\"https:\\\/\\\/escouadeenergie.ca\\\/en\\\/bioenergy-logistics\\\/\"]}]},{\"@type\":\"ImageObject\",\"inLanguage\":\"en-US\",\"@id\":\"https:\\\/\\\/escouadeenergie.ca\\\/en\\\/bioenergy-logistics\\\/#primaryimage\",\"url\":\"http:\\\/\\\/escouadeenergie.ca\\\/wp-content\\\/uploads\\\/2024\\\/11\\\/Capture-decran-2024-11-12-144441.png\",\"contentUrl\":\"http:\\\/\\\/escouadeenergie.ca\\\/wp-content\\\/uploads\\\/2024\\\/11\\\/Capture-decran-2024-11-12-144441.png\"},{\"@type\":\"BreadcrumbList\",\"@id\":\"https:\\\/\\\/escouadeenergie.ca\\\/en\\\/bioenergy-logistics\\\/#breadcrumb\",\"itemListElement\":[{\"@type\":\"ListItem\",\"position\":1,\"name\":\"Home\",\"item\":\"https:\\\/\\\/escouadeenergie.ca\\\/en\\\/__trashed\\\/\"},{\"@type\":\"ListItem\",\"position\":2,\"name\":\"BIO &#8211; LOGISTICS\"}]},{\"@type\":\"WebSite\",\"@id\":\"https:\\\/\\\/escouadeenergie.ca\\\/#website\",\"url\":\"https:\\\/\\\/escouadeenergie.ca\\\/\",\"name\":\"ESCOUADE ENERGIE\",\"description\":\"Unifier l&#039;expertise, stimuler l&#039;innovation : L&#039;Escouade \u00c9nergie, votre plateforme collaborative d\u00e9di\u00e9e aux projets \u00e9nerg\u00e9tiques transformatifs. R\u00e9unissant 21 membres de premier plan des Centres de Transfert de Technologie Coll\u00e9giaux (CCTT) depuis 2018.\",\"publisher\":{\"@id\":\"https:\\\/\\\/escouadeenergie.ca\\\/#organization\"},\"potentialAction\":[{\"@type\":\"SearchAction\",\"target\":{\"@type\":\"EntryPoint\",\"urlTemplate\":\"https:\\\/\\\/escouadeenergie.ca\\\/?s={search_term_string}\"},\"query-input\":{\"@type\":\"PropertyValueSpecification\",\"valueRequired\":true,\"valueName\":\"search_term_string\"}}],\"inLanguage\":\"en-US\"},{\"@type\":\"Organization\",\"@id\":\"https:\\\/\\\/escouadeenergie.ca\\\/#organization\",\"name\":\"ESCOUADE ENERGIE\",\"url\":\"https:\\\/\\\/escouadeenergie.ca\\\/\",\"logo\":{\"@type\":\"ImageObject\",\"inLanguage\":\"en-US\",\"@id\":\"https:\\\/\\\/escouadeenergie.ca\\\/#\\\/schema\\\/logo\\\/image\\\/\",\"url\":\"https:\\\/\\\/i0.wp.com\\\/escouadeenergie.ca\\\/wp-content\\\/uploads\\\/2023\\\/12\\\/Thumbnail_Escouade.png?fit=1200%2C630&ssl=1\",\"contentUrl\":\"https:\\\/\\\/i0.wp.com\\\/escouadeenergie.ca\\\/wp-content\\\/uploads\\\/2023\\\/12\\\/Thumbnail_Escouade.png?fit=1200%2C630&ssl=1\",\"width\":1200,\"height\":630,\"caption\":\"ESCOUADE ENERGIE\"},\"image\":{\"@id\":\"https:\\\/\\\/escouadeenergie.ca\\\/#\\\/schema\\\/logo\\\/image\\\/\"},\"sameAs\":[\"https:\\\/\\\/www.facebook.com\\\/profile.php?id=61552499700919&locale=fr_CA\",\"https:\\\/\\\/www.linkedin.com\\\/company\\\/escouade-\u00e9nergie-regroupement-des-cctt-en-transition-\u00e9nerg\u00e9tique\\\/?viewAsMember=true\"]}]}<\/script>\n<!-- \/ Yoast SEO plugin. -->","yoast_head_json":{"title":"BIO - LOGISTICS - ESCOUADE ENERGIE","robots":{"index":"index","follow":"follow","max-snippet":"max-snippet:-1","max-image-preview":"max-image-preview:large","max-video-preview":"max-video-preview:-1"},"canonical":"https:\/\/escouadeenergie.ca\/en\/bioenergy-logistics\/","og_locale":"en_US","og_type":"article","og_title":"BIO - LOGISTICS - ESCOUADE ENERGIE","og_description":"ACCOMMODATION Blocks of rooms have been specially reserved for you at the H\u00f4tel du Domaine in Thetford Mines. They offer a wide range of accommodations at specially negotiated rates! To take advantage of this, simply mention the group code you received when registering for the event. The reception team will then apply the agreed-upon preferential [&hellip;]","og_url":"https:\/\/escouadeenergie.ca\/en\/bioenergy-logistics\/","og_site_name":"ESCOUADE ENERGIE","article_publisher":"https:\/\/www.facebook.com\/profile.php?id=61552499700919&locale=fr_CA","article_modified_time":"2024-11-19T21:06:59+00:00","og_image":[{"url":"http:\/\/escouadeenergie.ca\/wp-content\/uploads\/2024\/11\/Capture-decran-2024-11-12-144441.png","type":"","width":"","height":""}],"twitter_card":"summary_large_image","twitter_misc":{"Est. reading time":"1 minute"},"schema":{"@context":"https:\/\/schema.org","@graph":[{"@type":"WebPage","@id":"https:\/\/escouadeenergie.ca\/en\/bioenergy-logistics\/","url":"https:\/\/escouadeenergie.ca\/en\/bioenergy-logistics\/","name":"BIO - LOGISTICS - ESCOUADE ENERGIE","isPartOf":{"@id":"https:\/\/escouadeenergie.ca\/#website"},"primaryImageOfPage":{"@id":"https:\/\/escouadeenergie.ca\/en\/bioenergy-logistics\/#primaryimage"},"image":{"@id":"https:\/\/escouadeenergie.ca\/en\/bioenergy-logistics\/#primaryimage"},"thumbnailUrl":"http:\/\/escouadeenergie.ca\/wp-content\/uploads\/2024\/11\/Capture-decran-2024-11-12-144441.png","datePublished":"2024-09-23T18:31:52+00:00","dateModified":"2024-11-19T21:06:59+00:00","breadcrumb":{"@id":"https:\/\/escouadeenergie.ca\/en\/bioenergy-logistics\/#breadcrumb"},"inLanguage":"en-US","potentialAction":[{"@type":"ReadAction","target":["https:\/\/escouadeenergie.ca\/en\/bioenergy-logistics\/"]}]},{"@type":"ImageObject","inLanguage":"en-US","@id":"https:\/\/escouadeenergie.ca\/en\/bioenergy-logistics\/#primaryimage","url":"http:\/\/escouadeenergie.ca\/wp-content\/uploads\/2024\/11\/Capture-decran-2024-11-12-144441.png","contentUrl":"http:\/\/escouadeenergie.ca\/wp-content\/uploads\/2024\/11\/Capture-decran-2024-11-12-144441.png"},{"@type":"BreadcrumbList","@id":"https:\/\/escouadeenergie.ca\/en\/bioenergy-logistics\/#breadcrumb","itemListElement":[{"@type":"ListItem","position":1,"name":"Home","item":"https:\/\/escouadeenergie.ca\/en\/__trashed\/"},{"@type":"ListItem","position":2,"name":"BIO &#8211; LOGISTICS"}]},{"@type":"WebSite","@id":"https:\/\/escouadeenergie.ca\/#website","url":"https:\/\/escouadeenergie.ca\/","name":"ESCOUADE ENERGIE","description":"Unifier l&#039;expertise, stimuler l&#039;innovation : L&#039;Escouade \u00c9nergie, votre plateforme collaborative d\u00e9di\u00e9e aux projets \u00e9nerg\u00e9tiques transformatifs. R\u00e9unissant 21 membres de premier plan des Centres de Transfert de Technologie Coll\u00e9giaux (CCTT) depuis 2018.","publisher":{"@id":"https:\/\/escouadeenergie.ca\/#organization"},"potentialAction":[{"@type":"SearchAction","target":{"@type":"EntryPoint","urlTemplate":"https:\/\/escouadeenergie.ca\/?s={search_term_string}"},"query-input":{"@type":"PropertyValueSpecification","valueRequired":true,"valueName":"search_term_string"}}],"inLanguage":"en-US"},{"@type":"Organization","@id":"https:\/\/escouadeenergie.ca\/#organization","name":"ESCOUADE ENERGIE","url":"https:\/\/escouadeenergie.ca\/","logo":{"@type":"ImageObject","inLanguage":"en-US","@id":"https:\/\/escouadeenergie.ca\/#\/schema\/logo\/image\/","url":"https:\/\/i0.wp.com\/escouadeenergie.ca\/wp-content\/uploads\/2023\/12\/Thumbnail_Escouade.png?fit=1200%2C630&ssl=1","contentUrl":"https:\/\/i0.wp.com\/escouadeenergie.ca\/wp-content\/uploads\/2023\/12\/Thumbnail_Escouade.png?fit=1200%2C630&ssl=1","width":1200,"height":630,"caption":"ESCOUADE ENERGIE"},"image":{"@id":"https:\/\/escouadeenergie.ca\/#\/schema\/logo\/image\/"},"sameAs":["https:\/\/www.facebook.com\/profile.php?id=61552499700919&locale=fr_CA","https:\/\/www.linkedin.com\/company\/escouade-\u00e9nergie-regroupement-des-cctt-en-transition-\u00e9nerg\u00e9tique\/?viewAsMember=true"]}]}},"_links":{"self":[{"href":"https:\/\/escouadeenergie.ca\/en\/wp-json\/wp\/v2\/pages\/4430","targetHints":{"allow":["GET"]}}],"collection":[{"href":"https:\/\/escouadeenergie.ca\/en\/wp-json\/wp\/v2\/pages"}],"about":[{"href":"https:\/\/escouadeenergie.ca\/en\/wp-json\/wp\/v2\/types\/page"}],"author":[{"embeddable":true,"href":"https:\/\/escouadeenergie.ca\/en\/wp-json\/wp\/v2\/users\/2"}],"replies":[{"embeddable":true,"href":"https:\/\/escouadeenergie.ca\/en\/wp-json\/wp\/v2\/comments?post=4430"}],"version-history":[{"count":22,"href":"https:\/\/escouadeenergie.ca\/en\/wp-json\/wp\/v2\/pages\/4430\/revisions"}],"predecessor-version":[{"id":5440,"href":"https:\/\/escouadeenergie.ca\/en\/wp-json\/wp\/v2\/pages\/4430\/revisions\/5440"}],"wp:attachment":[{"href":"https:\/\/escouadeenergie.ca\/en\/wp-json\/wp\/v2\/media?parent=4430"}],"curies":[{"name":"wp","href":"https:\/\/api.w.org\/{rel}","templated":true}]}}