{"id":4437,"date":"2024-09-23T18:40:29","date_gmt":"2024-09-23T18:40:29","guid":{"rendered":"https:\/\/escouadeenergie.ca\/?page_id=4437"},"modified":"2024-11-14T18:25:49","modified_gmt":"2024-11-14T18:25:49","slug":"bioenergy-faq","status":"publish","type":"page","link":"https:\/\/escouadeenergie.ca\/en\/bioenergy-faq\/","title":{"rendered":"BIO &#8211; FAQ"},"content":{"rendered":"\t\t<div data-elementor-type=\"wp-page\" data-elementor-id=\"4437\" class=\"elementor elementor-4437\" data-elementor-post-type=\"page\">\n\t\t\t\t\t\t<section class=\"elementor-section elementor-top-section elementor-element elementor-element-01854fa elementor-section-boxed elementor-section-height-default elementor-section-height-default\" data-id=\"01854fa\" data-element_type=\"section\">\n\t\t\t\t\t\t<div class=\"elementor-container elementor-column-gap-default\">\n\t\t\t\t\t<div class=\"elementor-column elementor-col-100 elementor-top-column elementor-element elementor-element-f83b991\" data-id=\"f83b991\" data-element_type=\"column\">\n\t\t\t<div class=\"elementor-widget-wrap elementor-element-populated\">\n\t\t\t\t\t\t<div class=\"elementor-element elementor-element-87f5f78 elementor-widget elementor-widget-image\" data-id=\"87f5f78\" data-element_type=\"widget\" data-widget_type=\"image.default\">\n\t\t\t\t<div class=\"elementor-widget-container\">\n\t\t\t\t\t\t\t\t\t\t\t\t\t\t\t<img fetchpriority=\"high\" decoding=\"async\" width=\"2481\" height=\"600\" src=\"https:\/\/i0.wp.com\/escouadeenergie.ca\/wp-content\/uploads\/2024\/09\/Escouade-Energie-Journe%CC%81e-sur-les-bioe%CC%81nergies-2024-website-2481x600-1.jpg?fit=2481%2C600&amp;ssl=1\" class=\"attachment-full size-full wp-image-4052\" alt=\"\" \/>\t\t\t\t\t\t\t\t\t\t\t\t\t\t\t<\/div>\n\t\t\t\t<\/div>\n\t\t\t\t\t<\/div>\n\t\t<\/div>\n\t\t\t\t\t<\/div>\n\t\t<\/section>\n\t\t\t\t<section class=\"elementor-section elementor-top-section elementor-element elementor-element-3aefeff2 elementor-section-boxed elementor-section-height-default elementor-section-height-default\" data-id=\"3aefeff2\" data-element_type=\"section\" data-settings=\"{&quot;background_background&quot;:&quot;classic&quot;}\">\n\t\t\t\t\t\t<div class=\"elementor-container elementor-column-gap-default\">\n\t\t\t\t\t<div class=\"elementor-column elementor-col-100 elementor-top-column elementor-element elementor-element-5c4f877a\" data-id=\"5c4f877a\" data-element_type=\"column\">\n\t\t\t<div class=\"elementor-widget-wrap elementor-element-populated\">\n\t\t\t\t\t\t<div class=\"elementor-element elementor-element-26cab2c8 elementor-widget elementor-widget-heading\" data-id=\"26cab2c8\" data-element_type=\"widget\" data-widget_type=\"heading.default\">\n\t\t\t\t<div class=\"elementor-widget-container\">\n\t\t\t\t\t<h2 class=\"elementor-heading-title elementor-size-default\">FAQ<\/h2>\t\t\t\t<\/div>\n\t\t\t\t<\/div>\n\t\t\t\t<div class=\"elementor-element elementor-element-6a852d24 elementor-widget-divider--view-line elementor-widget elementor-widget-divider\" data-id=\"6a852d24\" data-element_type=\"widget\" data-widget_type=\"divider.default\">\n\t\t\t\t<div class=\"elementor-widget-container\">\n\t\t\t\t\t\t\t<div class=\"elementor-divider\">\n\t\t\t<span class=\"elementor-divider-separator\">\n\t\t\t\t\t\t<\/span>\n\t\t<\/div>\n\t\t\t\t\t\t<\/div>\n\t\t\t\t<\/div>\n\t\t\t\t<div class=\"elementor-element elementor-element-4a70371e elementor-position-left elementor-vertical-align-top elementor-widget elementor-widget-image-box\" data-id=\"4a70371e\" data-element_type=\"widget\" data-widget_type=\"image-box.default\">\n\t\t\t\t<div class=\"elementor-widget-container\">\n\t\t\t\t\t<div class=\"elementor-image-box-wrapper\"><figure class=\"elementor-image-box-img\"><img decoding=\"async\" width=\"182\" height=\"158\" src=\"https:\/\/i0.wp.com\/escouadeenergie.ca\/wp-content\/uploads\/2023\/11\/arrow.png?fit=182%2C158&amp;ssl=1\" class=\"attachment-full size-full wp-image-1168\" alt=\"\" \/><\/figure><div class=\"elementor-image-box-content\"><h3 class=\"elementor-image-box-title\">Who is organizing the bioenergy day?<\/h3><p class=\"elementor-image-box-description\">The event is organized by <strong>L\u2019Escouade \u00e9nergie<\/strong>, a network of college technology transfer centers focused on energy transition, in collaboration with the <strong>RQEI (Regroupement qu\u00e9b\u00e9cois sur l'\u00e9nergie intelligente)<\/strong>. The event is financially supported by the <strong>Government of Quebec<\/strong> and <strong>CITEQ-FRQNT<\/strong>.<\/p><\/div><\/div>\t\t\t\t<\/div>\n\t\t\t\t<\/div>\n\t\t\t\t<div class=\"elementor-element elementor-element-4d445b17 elementor-position-left elementor-vertical-align-top elementor-widget elementor-widget-image-box\" data-id=\"4d445b17\" data-element_type=\"widget\" data-widget_type=\"image-box.default\">\n\t\t\t\t<div class=\"elementor-widget-container\">\n\t\t\t\t\t<div class=\"elementor-image-box-wrapper\"><figure class=\"elementor-image-box-img\"><img decoding=\"async\" width=\"182\" height=\"158\" src=\"https:\/\/i0.wp.com\/escouadeenergie.ca\/wp-content\/uploads\/2023\/11\/arrow.png?fit=182%2C158&amp;ssl=1\" class=\"attachment-full size-full wp-image-1168\" alt=\"\" \/><\/figure><div class=\"elementor-image-box-content\"><h3 class=\"elementor-image-box-title\">Will the bioenergy innovation day be in-person or online?<\/h3><p class=\"elementor-image-box-description\">The conference will take place in person at Thetford Convention Centre<\/p><\/div><\/div>\t\t\t\t<\/div>\n\t\t\t\t<\/div>\n\t\t\t\t<div class=\"elementor-element elementor-element-6428e267 elementor-position-left elementor-vertical-align-top elementor-widget elementor-widget-image-box\" data-id=\"6428e267\" data-element_type=\"widget\" data-widget_type=\"image-box.default\">\n\t\t\t\t<div class=\"elementor-widget-container\">\n\t\t\t\t\t<div class=\"elementor-image-box-wrapper\"><figure class=\"elementor-image-box-img\"><img decoding=\"async\" width=\"182\" height=\"158\" src=\"https:\/\/i0.wp.com\/escouadeenergie.ca\/wp-content\/uploads\/2023\/11\/arrow.png?fit=182%2C158&amp;ssl=1\" class=\"attachment-full size-full wp-image-1168\" alt=\"\" \/><\/figure><div class=\"elementor-image-box-content\"><h3 class=\"elementor-image-box-title\">Who attends?<\/h3><p class=\"elementor-image-box-description\"><span class=\"OYPEnA text-decoration-none text-strikethrough-none\">Industry professionals, students, researchers, engineers, academics, entrepreneurs, decision-makers, analysts, and enthusiasts of the future of energy, energy technologies, and climate action are encouraged to participate.<\/span><\/p><\/div><\/div>\t\t\t\t<\/div>\n\t\t\t\t<\/div>\n\t\t\t\t<div class=\"elementor-element elementor-element-11d334e elementor-position-left elementor-vertical-align-top elementor-widget elementor-widget-image-box\" data-id=\"11d334e\" data-element_type=\"widget\" data-widget_type=\"image-box.default\">\n\t\t\t\t<div class=\"elementor-widget-container\">\n\t\t\t\t\t<div class=\"elementor-image-box-wrapper\"><figure class=\"elementor-image-box-img\"><img decoding=\"async\" width=\"182\" height=\"158\" src=\"https:\/\/i0.wp.com\/escouadeenergie.ca\/wp-content\/uploads\/2023\/11\/arrow.png?fit=182%2C158&amp;ssl=1\" class=\"attachment-full size-full wp-image-1168\" alt=\"\" \/><\/figure><div class=\"elementor-image-box-content\"><h3 class=\"elementor-image-box-title\">Where can I stay during the conference?<\/h3><p class=\"elementor-image-box-description\">Blocks of rooms are reserved in Thetford Convention Centre. Information is available in your event confirmation email<\/p><\/div><\/div>\t\t\t\t<\/div>\n\t\t\t\t<\/div>\n\t\t\t\t<div class=\"elementor-element elementor-element-5b5ff2e elementor-position-left elementor-vertical-align-top elementor-widget elementor-widget-image-box\" data-id=\"5b5ff2e\" data-element_type=\"widget\" data-widget_type=\"image-box.default\">\n\t\t\t\t<div class=\"elementor-widget-container\">\n\t\t\t\t\t<div class=\"elementor-image-box-wrapper\"><figure class=\"elementor-image-box-img\"><img decoding=\"async\" width=\"182\" height=\"158\" src=\"https:\/\/i0.wp.com\/escouadeenergie.ca\/wp-content\/uploads\/2023\/11\/arrow.png?fit=182%2C158&amp;ssl=1\" class=\"attachment-full size-full wp-image-1168\" alt=\"\" \/><\/figure><div class=\"elementor-image-box-content\"><h3 class=\"elementor-image-box-title\">I can\u2019t make it anymore, can I get a refund?<\/h3><p class=\"elementor-image-box-description\">Refund requests must be sent by email to this address: <u>evenement@escoudeenergie.ca<\/u>. Participants wishing to request a refund must do so before November 15, 2024. After this date, no refunds will be processed. In the event of the congress being canceled, registration fees will be fully refunded.<\/p><\/div><\/div>\t\t\t\t<\/div>\n\t\t\t\t<\/div>\n\t\t\t\t<div class=\"elementor-element elementor-element-516783d7 elementor-position-left elementor-vertical-align-top elementor-widget elementor-widget-image-box\" data-id=\"516783d7\" data-element_type=\"widget\" data-widget_type=\"image-box.default\">\n\t\t\t\t<div class=\"elementor-widget-container\">\n\t\t\t\t\t<div class=\"elementor-image-box-wrapper\"><figure class=\"elementor-image-box-img\"><img decoding=\"async\" width=\"182\" height=\"158\" src=\"https:\/\/i0.wp.com\/escouadeenergie.ca\/wp-content\/uploads\/2023\/11\/arrow.png?fit=182%2C158&amp;ssl=1\" class=\"attachment-full size-full wp-image-1168\" alt=\"\" \/><\/figure><div class=\"elementor-image-box-content\"><h3 class=\"elementor-image-box-title\">Must I pay for my ticket all at once?<\/h3><p class=\"elementor-image-box-description\">You must pay the full registration fee online. The registration fees are determined based on the category chosen at the time of\nregistration. They will not be retroactively changed in the event of a change in status.<\/p><\/div><\/div>\t\t\t\t<\/div>\n\t\t\t\t<\/div>\n\t\t\t\t<div class=\"elementor-element elementor-element-48f94b99 elementor-position-left elementor-vertical-align-top elementor-widget elementor-widget-image-box\" data-id=\"48f94b99\" data-element_type=\"widget\" data-widget_type=\"image-box.default\">\n\t\t\t\t<div class=\"elementor-widget-container\">\n\t\t\t\t\t<div class=\"elementor-image-box-wrapper\"><figure class=\"elementor-image-box-img\"><img decoding=\"async\" width=\"182\" height=\"158\" src=\"https:\/\/i0.wp.com\/escouadeenergie.ca\/wp-content\/uploads\/2023\/11\/arrow.png?fit=182%2C158&amp;ssl=1\" class=\"attachment-full size-full wp-image-1168\" alt=\"\" \/><\/figure><div class=\"elementor-image-box-content\"><h3 class=\"elementor-image-box-title\">Will I be photographed?<\/h3><p class=\"elementor-image-box-description\">Some images captured during the event will be used on our various communication and promotional platforms. If you do not wish\nfor photos in which you appear to be published, please let us know.<\/p><\/div><\/div>\t\t\t\t<\/div>\n\t\t\t\t<\/div>\n\t\t\t\t<div class=\"elementor-element elementor-element-64f5e728 elementor-position-left elementor-vertical-align-top elementor-widget elementor-widget-image-box\" data-id=\"64f5e728\" data-element_type=\"widget\" data-widget_type=\"image-box.default\">\n\t\t\t\t<div class=\"elementor-widget-container\">\n\t\t\t\t\t<div class=\"elementor-image-box-wrapper\"><figure class=\"elementor-image-box-img\"><img decoding=\"async\" width=\"182\" height=\"158\" src=\"https:\/\/i0.wp.com\/escouadeenergie.ca\/wp-content\/uploads\/2023\/11\/arrow.png?fit=182%2C158&amp;ssl=1\" class=\"attachment-full size-full wp-image-1168\" alt=\"\" \/><\/figure><div class=\"elementor-image-box-content\"><h3 class=\"elementor-image-box-title\">Active participation<\/h3><p class=\"elementor-image-box-description\">Workshops and strategic discussions are set up to mobilize all efforts around the energy challenge, fostering dynamic collaboration and innovative solutions.<\/p><\/div><\/div>\t\t\t\t<\/div>\n\t\t\t\t<\/div>\n\t\t\t\t\t<\/div>\n\t\t<\/div>\n\t\t\t\t\t<\/div>\n\t\t<\/section>\n\t\t\t\t<\/div>\n\t\t","protected":false},"excerpt":{"rendered":"<p>FAQ Who is organizing the bioenergy day? The event is organized by L\u2019Escouade \u00e9nergie, a network of college technology transfer centers focused on energy transition, in collaboration with the RQEI (Regroupement qu\u00e9b\u00e9cois sur l&#8217;\u00e9nergie intelligente). The event is financially supported by the Government of Quebec and CITEQ-FRQNT. Will the bioenergy innovation day be in-person or [&hellip;]<\/p>\n","protected":false},"author":2,"featured_media":0,"parent":0,"menu_order":0,"comment_status":"closed","ping_status":"closed","template":"elementor_header_footer","meta":{"_acf_changed":false,"footnotes":""},"class_list":["post-4437","page","type-page","status-publish","hentry"],"acf":[],"yoast_head":"<!-- This site is optimized with the Yoast SEO plugin v27.3 - https:\/\/yoast.com\/product\/yoast-seo-wordpress\/ -->\n<title>BIO - FAQ - ESCOUADE ENERGIE<\/title>\n<meta name=\"robots\" content=\"index, follow, max-snippet:-1, max-image-preview:large, max-video-preview:-1\" \/>\n<link rel=\"canonical\" href=\"https:\/\/escouadeenergie.ca\/en\/bioenergy-faq\/\" \/>\n<meta property=\"og:locale\" content=\"en_US\" \/>\n<meta property=\"og:type\" content=\"article\" \/>\n<meta property=\"og:title\" content=\"BIO - FAQ - ESCOUADE ENERGIE\" \/>\n<meta property=\"og:description\" content=\"FAQ Who is organizing the bioenergy day? The event is organized by L\u2019Escouade \u00e9nergie, a network of college technology transfer centers focused on energy transition, in collaboration with the RQEI (Regroupement qu\u00e9b\u00e9cois sur l&#8217;\u00e9nergie intelligente). The event is financially supported by the Government of Quebec and CITEQ-FRQNT. Will the bioenergy innovation day be in-person or [&hellip;]\" \/>\n<meta property=\"og:url\" content=\"https:\/\/escouadeenergie.ca\/en\/bioenergy-faq\/\" \/>\n<meta property=\"og:site_name\" content=\"ESCOUADE ENERGIE\" \/>\n<meta property=\"article:publisher\" content=\"https:\/\/www.facebook.com\/profile.php?id=61552499700919&amp;locale=fr_CA\" \/>\n<meta property=\"article:modified_time\" content=\"2024-11-14T18:25:49+00:00\" \/>\n<meta property=\"og:image\" content=\"http:\/\/escouadeenergie.ca\/wp-content\/uploads\/2023\/11\/arrow.png\" \/>\n<meta name=\"twitter:card\" content=\"summary_large_image\" \/>\n<meta name=\"twitter:label1\" content=\"Est. reading time\" \/>\n\t<meta name=\"twitter:data1\" content=\"4 minutes\" \/>\n<script type=\"application\/ld+json\" class=\"yoast-schema-graph\">{\"@context\":\"https:\\\/\\\/schema.org\",\"@graph\":[{\"@type\":\"WebPage\",\"@id\":\"https:\\\/\\\/escouadeenergie.ca\\\/en\\\/bioenergy-faq\\\/\",\"url\":\"https:\\\/\\\/escouadeenergie.ca\\\/en\\\/bioenergy-faq\\\/\",\"name\":\"BIO - FAQ - ESCOUADE ENERGIE\",\"isPartOf\":{\"@id\":\"https:\\\/\\\/escouadeenergie.ca\\\/#website\"},\"primaryImageOfPage\":{\"@id\":\"https:\\\/\\\/escouadeenergie.ca\\\/en\\\/bioenergy-faq\\\/#primaryimage\"},\"image\":{\"@id\":\"https:\\\/\\\/escouadeenergie.ca\\\/en\\\/bioenergy-faq\\\/#primaryimage\"},\"thumbnailUrl\":\"http:\\\/\\\/escouadeenergie.ca\\\/wp-content\\\/uploads\\\/2023\\\/11\\\/arrow.png\",\"datePublished\":\"2024-09-23T18:40:29+00:00\",\"dateModified\":\"2024-11-14T18:25:49+00:00\",\"breadcrumb\":{\"@id\":\"https:\\\/\\\/escouadeenergie.ca\\\/en\\\/bioenergy-faq\\\/#breadcrumb\"},\"inLanguage\":\"en-US\",\"potentialAction\":[{\"@type\":\"ReadAction\",\"target\":[\"https:\\\/\\\/escouadeenergie.ca\\\/en\\\/bioenergy-faq\\\/\"]}]},{\"@type\":\"ImageObject\",\"inLanguage\":\"en-US\",\"@id\":\"https:\\\/\\\/escouadeenergie.ca\\\/en\\\/bioenergy-faq\\\/#primaryimage\",\"url\":\"http:\\\/\\\/escouadeenergie.ca\\\/wp-content\\\/uploads\\\/2023\\\/11\\\/arrow.png\",\"contentUrl\":\"http:\\\/\\\/escouadeenergie.ca\\\/wp-content\\\/uploads\\\/2023\\\/11\\\/arrow.png\"},{\"@type\":\"BreadcrumbList\",\"@id\":\"https:\\\/\\\/escouadeenergie.ca\\\/en\\\/bioenergy-faq\\\/#breadcrumb\",\"itemListElement\":[{\"@type\":\"ListItem\",\"position\":1,\"name\":\"Home\",\"item\":\"https:\\\/\\\/escouadeenergie.ca\\\/en\\\/__trashed\\\/\"},{\"@type\":\"ListItem\",\"position\":2,\"name\":\"BIO &#8211; FAQ\"}]},{\"@type\":\"WebSite\",\"@id\":\"https:\\\/\\\/escouadeenergie.ca\\\/#website\",\"url\":\"https:\\\/\\\/escouadeenergie.ca\\\/\",\"name\":\"ESCOUADE ENERGIE\",\"description\":\"Unifier l&#039;expertise, stimuler l&#039;innovation : L&#039;Escouade \u00c9nergie, votre plateforme collaborative d\u00e9di\u00e9e aux projets \u00e9nerg\u00e9tiques transformatifs. R\u00e9unissant 21 membres de premier plan des Centres de Transfert de Technologie Coll\u00e9giaux (CCTT) depuis 2018.\",\"publisher\":{\"@id\":\"https:\\\/\\\/escouadeenergie.ca\\\/#organization\"},\"potentialAction\":[{\"@type\":\"SearchAction\",\"target\":{\"@type\":\"EntryPoint\",\"urlTemplate\":\"https:\\\/\\\/escouadeenergie.ca\\\/?s={search_term_string}\"},\"query-input\":{\"@type\":\"PropertyValueSpecification\",\"valueRequired\":true,\"valueName\":\"search_term_string\"}}],\"inLanguage\":\"en-US\"},{\"@type\":\"Organization\",\"@id\":\"https:\\\/\\\/escouadeenergie.ca\\\/#organization\",\"name\":\"ESCOUADE ENERGIE\",\"url\":\"https:\\\/\\\/escouadeenergie.ca\\\/\",\"logo\":{\"@type\":\"ImageObject\",\"inLanguage\":\"en-US\",\"@id\":\"https:\\\/\\\/escouadeenergie.ca\\\/#\\\/schema\\\/logo\\\/image\\\/\",\"url\":\"https:\\\/\\\/i0.wp.com\\\/escouadeenergie.ca\\\/wp-content\\\/uploads\\\/2023\\\/12\\\/Thumbnail_Escouade.png?fit=1200%2C630&ssl=1\",\"contentUrl\":\"https:\\\/\\\/i0.wp.com\\\/escouadeenergie.ca\\\/wp-content\\\/uploads\\\/2023\\\/12\\\/Thumbnail_Escouade.png?fit=1200%2C630&ssl=1\",\"width\":1200,\"height\":630,\"caption\":\"ESCOUADE ENERGIE\"},\"image\":{\"@id\":\"https:\\\/\\\/escouadeenergie.ca\\\/#\\\/schema\\\/logo\\\/image\\\/\"},\"sameAs\":[\"https:\\\/\\\/www.facebook.com\\\/profile.php?id=61552499700919&locale=fr_CA\",\"https:\\\/\\\/www.linkedin.com\\\/company\\\/escouade-\u00e9nergie-regroupement-des-cctt-en-transition-\u00e9nerg\u00e9tique\\\/?viewAsMember=true\"]}]}<\/script>\n<!-- \/ Yoast SEO plugin. -->","yoast_head_json":{"title":"BIO - FAQ - ESCOUADE ENERGIE","robots":{"index":"index","follow":"follow","max-snippet":"max-snippet:-1","max-image-preview":"max-image-preview:large","max-video-preview":"max-video-preview:-1"},"canonical":"https:\/\/escouadeenergie.ca\/en\/bioenergy-faq\/","og_locale":"en_US","og_type":"article","og_title":"BIO - FAQ - ESCOUADE ENERGIE","og_description":"FAQ Who is organizing the bioenergy day? The event is organized by L\u2019Escouade \u00e9nergie, a network of college technology transfer centers focused on energy transition, in collaboration with the RQEI (Regroupement qu\u00e9b\u00e9cois sur l&#8217;\u00e9nergie intelligente). The event is financially supported by the Government of Quebec and CITEQ-FRQNT. Will the bioenergy innovation day be in-person or [&hellip;]","og_url":"https:\/\/escouadeenergie.ca\/en\/bioenergy-faq\/","og_site_name":"ESCOUADE ENERGIE","article_publisher":"https:\/\/www.facebook.com\/profile.php?id=61552499700919&locale=fr_CA","article_modified_time":"2024-11-14T18:25:49+00:00","og_image":[{"url":"http:\/\/escouadeenergie.ca\/wp-content\/uploads\/2023\/11\/arrow.png","type":"","width":"","height":""}],"twitter_card":"summary_large_image","twitter_misc":{"Est. reading time":"4 minutes"},"schema":{"@context":"https:\/\/schema.org","@graph":[{"@type":"WebPage","@id":"https:\/\/escouadeenergie.ca\/en\/bioenergy-faq\/","url":"https:\/\/escouadeenergie.ca\/en\/bioenergy-faq\/","name":"BIO - FAQ - ESCOUADE ENERGIE","isPartOf":{"@id":"https:\/\/escouadeenergie.ca\/#website"},"primaryImageOfPage":{"@id":"https:\/\/escouadeenergie.ca\/en\/bioenergy-faq\/#primaryimage"},"image":{"@id":"https:\/\/escouadeenergie.ca\/en\/bioenergy-faq\/#primaryimage"},"thumbnailUrl":"http:\/\/escouadeenergie.ca\/wp-content\/uploads\/2023\/11\/arrow.png","datePublished":"2024-09-23T18:40:29+00:00","dateModified":"2024-11-14T18:25:49+00:00","breadcrumb":{"@id":"https:\/\/escouadeenergie.ca\/en\/bioenergy-faq\/#breadcrumb"},"inLanguage":"en-US","potentialAction":[{"@type":"ReadAction","target":["https:\/\/escouadeenergie.ca\/en\/bioenergy-faq\/"]}]},{"@type":"ImageObject","inLanguage":"en-US","@id":"https:\/\/escouadeenergie.ca\/en\/bioenergy-faq\/#primaryimage","url":"http:\/\/escouadeenergie.ca\/wp-content\/uploads\/2023\/11\/arrow.png","contentUrl":"http:\/\/escouadeenergie.ca\/wp-content\/uploads\/2023\/11\/arrow.png"},{"@type":"BreadcrumbList","@id":"https:\/\/escouadeenergie.ca\/en\/bioenergy-faq\/#breadcrumb","itemListElement":[{"@type":"ListItem","position":1,"name":"Home","item":"https:\/\/escouadeenergie.ca\/en\/__trashed\/"},{"@type":"ListItem","position":2,"name":"BIO &#8211; FAQ"}]},{"@type":"WebSite","@id":"https:\/\/escouadeenergie.ca\/#website","url":"https:\/\/escouadeenergie.ca\/","name":"ESCOUADE ENERGIE","description":"Unifier l&#039;expertise, stimuler l&#039;innovation : L&#039;Escouade \u00c9nergie, votre plateforme collaborative d\u00e9di\u00e9e aux projets \u00e9nerg\u00e9tiques transformatifs. R\u00e9unissant 21 membres de premier plan des Centres de Transfert de Technologie Coll\u00e9giaux (CCTT) depuis 2018.","publisher":{"@id":"https:\/\/escouadeenergie.ca\/#organization"},"potentialAction":[{"@type":"SearchAction","target":{"@type":"EntryPoint","urlTemplate":"https:\/\/escouadeenergie.ca\/?s={search_term_string}"},"query-input":{"@type":"PropertyValueSpecification","valueRequired":true,"valueName":"search_term_string"}}],"inLanguage":"en-US"},{"@type":"Organization","@id":"https:\/\/escouadeenergie.ca\/#organization","name":"ESCOUADE ENERGIE","url":"https:\/\/escouadeenergie.ca\/","logo":{"@type":"ImageObject","inLanguage":"en-US","@id":"https:\/\/escouadeenergie.ca\/#\/schema\/logo\/image\/","url":"https:\/\/i0.wp.com\/escouadeenergie.ca\/wp-content\/uploads\/2023\/12\/Thumbnail_Escouade.png?fit=1200%2C630&ssl=1","contentUrl":"https:\/\/i0.wp.com\/escouadeenergie.ca\/wp-content\/uploads\/2023\/12\/Thumbnail_Escouade.png?fit=1200%2C630&ssl=1","width":1200,"height":630,"caption":"ESCOUADE ENERGIE"},"image":{"@id":"https:\/\/escouadeenergie.ca\/#\/schema\/logo\/image\/"},"sameAs":["https:\/\/www.facebook.com\/profile.php?id=61552499700919&locale=fr_CA","https:\/\/www.linkedin.com\/company\/escouade-\u00e9nergie-regroupement-des-cctt-en-transition-\u00e9nerg\u00e9tique\/?viewAsMember=true"]}]}},"_links":{"self":[{"href":"https:\/\/escouadeenergie.ca\/en\/wp-json\/wp\/v2\/pages\/4437","targetHints":{"allow":["GET"]}}],"collection":[{"href":"https:\/\/escouadeenergie.ca\/en\/wp-json\/wp\/v2\/pages"}],"about":[{"href":"https:\/\/escouadeenergie.ca\/en\/wp-json\/wp\/v2\/types\/page"}],"author":[{"embeddable":true,"href":"https:\/\/escouadeenergie.ca\/en\/wp-json\/wp\/v2\/users\/2"}],"replies":[{"embeddable":true,"href":"https:\/\/escouadeenergie.ca\/en\/wp-json\/wp\/v2\/comments?post=4437"}],"version-history":[{"count":16,"href":"https:\/\/escouadeenergie.ca\/en\/wp-json\/wp\/v2\/pages\/4437\/revisions"}],"predecessor-version":[{"id":5304,"href":"https:\/\/escouadeenergie.ca\/en\/wp-json\/wp\/v2\/pages\/4437\/revisions\/5304"}],"wp:attachment":[{"href":"https:\/\/escouadeenergie.ca\/en\/wp-json\/wp\/v2\/media?parent=4437"}],"curies":[{"name":"wp","href":"https:\/\/api.w.org\/{rel}","templated":true}]}}