{"id":7897,"date":"2025-01-27T22:33:25","date_gmt":"2025-01-27T22:33:25","guid":{"rendered":"https:\/\/escouadeenergie.ca\/booths\/"},"modified":"2025-04-23T17:52:01","modified_gmt":"2025-04-23T17:52:01","slug":"booths","status":"publish","type":"page","link":"https:\/\/escouadeenergie.ca\/en\/battery-summit\/booths\/","title":{"rendered":"Booths"},"content":{"rendered":"\t\t<div data-elementor-type=\"wp-page\" data-elementor-id=\"7897\" class=\"elementor elementor-7897 elementor-6280\" data-elementor-post-type=\"page\">\n\t\t\t\t<div class=\"elementor-element elementor-element-1a686bc e-flex e-con-boxed e-con e-parent\" data-id=\"1a686bc\" data-element_type=\"container\" data-settings=\"{&quot;background_background&quot;:&quot;classic&quot;}\">\n\t\t\t\t\t<div class=\"e-con-inner\">\n\t\t<div class=\"elementor-element elementor-element-2e9c3df e-con-full e-flex e-con e-child\" data-id=\"2e9c3df\" data-element_type=\"container\">\n\t\t\t\t<div class=\"elementor-element elementor-element-8a85f37 elementor-align-left breadcrumbs elementor-widget elementor-widget-breadcrumbs\" data-id=\"8a85f37\" data-element_type=\"widget\" data-widget_type=\"breadcrumbs.default\">\n\t\t\t\t<div class=\"elementor-widget-container\">\n\t\t\t\t\t<p id=\"breadcrumbs\"><span><span><a href=\"https:\/\/escouadeenergie.ca\/en\/__trashed\/\">Home<\/a><\/span><\/span><\/p>\t\t\t\t<\/div>\n\t\t\t\t<\/div>\n\t\t\t\t<div class=\"elementor-element elementor-element-0716af4 elementor-widget elementor-widget-heading\" data-id=\"0716af4\" data-element_type=\"widget\" data-widget_type=\"heading.default\">\n\t\t\t\t<div class=\"elementor-widget-container\">\n\t\t\t\t\t<h1 class=\"elementor-heading-title elementor-size-default\">Booths<\/h1>\t\t\t\t<\/div>\n\t\t\t\t<\/div>\n\t\t\t\t<\/div>\n\t\t\t\t\t<\/div>\n\t\t\t\t<\/div>\n\t\t<div class=\"elementor-element elementor-element-7ab4391 e-flex e-con-boxed e-con e-parent\" data-id=\"7ab4391\" data-element_type=\"container\" data-settings=\"{&quot;background_background&quot;:&quot;classic&quot;}\">\n\t\t\t\t\t<div class=\"e-con-inner\">\n\t\t<div class=\"elementor-element elementor-element-eafbb63 e-con-full e-flex e-con e-child\" data-id=\"eafbb63\" data-element_type=\"container\">\n\t\t\t\t<div class=\"elementor-element elementor-element-dfdd1c9 elementor-widget__width-inherit elementor-widget elementor-widget-heading\" data-id=\"dfdd1c9\" data-element_type=\"widget\" data-widget_type=\"heading.default\">\n\t\t\t\t<div class=\"elementor-widget-container\">\n\t\t\t\t\t<h2 class=\"elementor-heading-title elementor-size-default\">Kiosk space rental<\/h2>\t\t\t\t<\/div>\n\t\t\t\t<\/div>\n\t\t\t\t<div class=\"elementor-element elementor-element-f006a11 elementor-widget elementor-widget-text-editor\" data-id=\"f006a11\" data-element_type=\"widget\" data-widget_type=\"text-editor.default\">\n\t\t\t\t<div class=\"elementor-widget-container\">\n\t\t\t\t\t\t\t\t\t<p>Benefit from exceptional visibility, expand your network and present your products or services to a targeted audience.<\/p><p><strong>Download the exhibitor prospectus<\/strong> to discover the opportunities available and reserve your space now!<\/p><p>Contact Lionel Ketchiozo, Escouade \u00c9nergie event manager, to find out more: <a style=\"color: black;\" href=\"mailto:evenement@escouadeenergie.ca\" target=\"_blank\" rel=\"noopener\">evenement@escouadeenergie.ca<\/a><\/p>\t\t\t\t\t\t\t\t<\/div>\n\t\t\t\t<\/div>\n\t\t\t\t<div class=\"elementor-element elementor-element-498eef2 elementor-align-left elementor-mobile-align-justify elementor-widget elementor-widget-button\" data-id=\"498eef2\" data-element_type=\"widget\" data-widget_type=\"button.default\">\n\t\t\t\t<div class=\"elementor-widget-container\">\n\t\t\t\t\t\t\t\t\t<div class=\"elementor-button-wrapper\">\n\t\t\t\t\t<a class=\"elementor-button elementor-button-link elementor-size-sm\" href=\"http:\/\/escouadeenergie.ca\/wp-content\/uploads\/2025\/04\/Escouade-Energie-Sommet-sur-les-batteries-2025-KIOSQUES-v8-1.pdf\" target=\"_blank\">\n\t\t\t\t\t\t<span class=\"elementor-button-content-wrapper\">\n\t\t\t\t\t\t<span class=\"elementor-button-icon\">\n\t\t\t\t<svg aria-hidden=\"true\" class=\"e-font-icon-svg e-fas-arrow-right\" viewBox=\"0 0 448 512\" xmlns=\"http:\/\/www.w3.org\/2000\/svg\"><path d=\"M190.5 66.9l22.2-22.2c9.4-9.4 24.6-9.4 33.9 0L441 239c9.4 9.4 9.4 24.6 0 33.9L246.6 467.3c-9.4 9.4-24.6 9.4-33.9 0l-22.2-22.2c-9.5-9.5-9.3-25 .4-34.3L311.4 296H24c-13.3 0-24-10.7-24-24v-32c0-13.3 10.7-24 24-24h287.4L190.9 101.2c-9.8-9.3-10-24.8-.4-34.3z\"><\/path><\/svg>\t\t\t<\/span>\n\t\t\t\t\t\t\t\t\t<span class=\"elementor-button-text\">Exhibitor brochure<\/span>\n\t\t\t\t\t<\/span>\n\t\t\t\t\t<\/a>\n\t\t\t\t<\/div>\n\t\t\t\t\t\t\t\t<\/div>\n\t\t\t\t<\/div>\n\t\t\t\t<\/div>\n\t\t<div class=\"elementor-element elementor-element-550d8d8 e-con-full e-flex e-con e-child\" data-id=\"550d8d8\" data-element_type=\"container\">\n\t\t\t\t<div class=\"elementor-element elementor-element-b588d7e elementor-widget elementor-widget-image\" data-id=\"b588d7e\" data-element_type=\"widget\" data-widget_type=\"image.default\">\n\t\t\t\t<div class=\"elementor-widget-container\">\n\t\t\t\t\t\t\t\t\t\t\t\t\t\t\t<img fetchpriority=\"high\" decoding=\"async\" width=\"800\" height=\"419\" src=\"https:\/\/i0.wp.com\/escouadeenergie.ca\/wp-content\/uploads\/2025\/03\/Escouade-Energie-Sommet-Batteries-2025-fb-event-v9.png?fit=800%2C419&amp;ssl=1\" class=\"attachment-large size-large wp-image-6558\" alt=\"\" srcset=\"https:\/\/i0.wp.com\/escouadeenergie.ca\/wp-content\/uploads\/2025\/03\/Escouade-Energie-Sommet-Batteries-2025-fb-event-v9.png?w=1920&amp;ssl=1 1920w, https:\/\/i0.wp.com\/escouadeenergie.ca\/wp-content\/uploads\/2025\/03\/Escouade-Energie-Sommet-Batteries-2025-fb-event-v9.png?resize=300%2C157&amp;ssl=1 300w, https:\/\/i0.wp.com\/escouadeenergie.ca\/wp-content\/uploads\/2025\/03\/Escouade-Energie-Sommet-Batteries-2025-fb-event-v9.png?resize=1024%2C536&amp;ssl=1 1024w, https:\/\/i0.wp.com\/escouadeenergie.ca\/wp-content\/uploads\/2025\/03\/Escouade-Energie-Sommet-Batteries-2025-fb-event-v9.png?resize=768%2C402&amp;ssl=1 768w, https:\/\/i0.wp.com\/escouadeenergie.ca\/wp-content\/uploads\/2025\/03\/Escouade-Energie-Sommet-Batteries-2025-fb-event-v9.png?resize=1536%2C804&amp;ssl=1 1536w, https:\/\/i0.wp.com\/escouadeenergie.ca\/wp-content\/uploads\/2025\/03\/Escouade-Energie-Sommet-Batteries-2025-fb-event-v9.png?w=1600 1600w\" sizes=\"(max-width: 800px) 100vw, 800px\" \/>\t\t\t\t\t\t\t\t\t\t\t\t\t\t\t<\/div>\n\t\t\t\t<\/div>\n\t\t\t\t<\/div>\n\t\t\t\t\t<\/div>\n\t\t\t\t<\/div>\n\t\t<div class=\"elementor-element elementor-element-2343f98 e-flex e-con-boxed e-con e-parent\" data-id=\"2343f98\" data-element_type=\"container\" data-settings=\"{&quot;background_background&quot;:&quot;classic&quot;}\">\n\t\t\t\t\t<div class=\"e-con-inner\">\n\t\t<div class=\"elementor-element elementor-element-76abe45 e-con-full e-flex e-con e-child\" data-id=\"76abe45\" data-element_type=\"container\">\n\t\t\t\t<div class=\"elementor-element elementor-element-e829917 elementor-widget__width-inherit elementor-widget elementor-widget-heading\" data-id=\"e829917\" data-element_type=\"widget\" data-widget_type=\"heading.default\">\n\t\t\t\t<div class=\"elementor-widget-container\">\n\t\t\t\t\t<h2 class=\"elementor-heading-title elementor-size-default\">Why exhibit at the Battery Summit 2025?<\/h2>\t\t\t\t<\/div>\n\t\t\t\t<\/div>\n\t\t\t\t<div class=\"elementor-element elementor-element-12cc750 elementor-widget elementor-widget-text-editor\" data-id=\"12cc750\" data-element_type=\"widget\" data-widget_type=\"text-editor.default\">\n\t\t\t\t<div class=\"elementor-widget-container\">\n\t\t\t\t\t\t\t\t\t<p><strong>Unrivalled visibility:<\/strong><\/p><ul><li>450+ participants expected, from sectors as diverse as energy, research, business and government.<\/li><li>100+ panellists, including renowned experts and opinion leaders.<\/li><li>Ministers and first nations chiefs<\/li><li>An audience made up of professionals, researchers, entrepreneurs and students, all passionate about energy innovation.<\/li><\/ul>\t\t\t\t\t\t\t\t<\/div>\n\t\t\t\t<\/div>\n\t\t\t\t<div class=\"elementor-element elementor-element-8486d96 elementor-widget elementor-widget-text-editor\" data-id=\"8486d96\" data-element_type=\"widget\" data-widget_type=\"text-editor.default\">\n\t\t\t\t<div class=\"elementor-widget-container\">\n\t\t\t\t\t\t\t\t\t<p><strong>Networking opportunities:<\/strong><\/p><ul><li>Make direct connections with key decision-makers and influencers.<\/li><li>Create valuable partnerships within the energy innovation ecosystem.<\/li><\/ul>\t\t\t\t\t\t\t\t<\/div>\n\t\t\t\t<\/div>\n\t\t\t\t<div class=\"elementor-element elementor-element-90eea90 elementor-widget elementor-widget-text-editor\" data-id=\"90eea90\" data-element_type=\"widget\" data-widget_type=\"text-editor.default\">\n\t\t\t\t<div class=\"elementor-widget-container\">\n\t\t\t\t\t\t\t\t\t<p><strong>Showcase your innovations:<\/strong><\/p><ul><li>Present your technologies, products and services to an engaged audience.<\/li><li>Assert yourself as a leader in the energy transition.<\/li><\/ul>\t\t\t\t\t\t\t\t<\/div>\n\t\t\t\t<\/div>\n\t\t\t\t<\/div>\n\t\t<div class=\"elementor-element elementor-element-0d67074 e-con-full e-flex e-con e-child\" data-id=\"0d67074\" data-element_type=\"container\">\n\t\t\t\t<div class=\"elementor-element elementor-element-4d6d005 elementor-widget elementor-widget-image\" data-id=\"4d6d005\" data-element_type=\"widget\" data-widget_type=\"image.default\">\n\t\t\t\t<div class=\"elementor-widget-container\">\n\t\t\t\t\t\t\t\t\t\t\t\t\t\t\t<img decoding=\"async\" width=\"791\" height=\"1024\" src=\"https:\/\/i0.wp.com\/escouadeenergie.ca\/wp-content\/uploads\/2025\/04\/Kiosques-Page-2-v6.png?fit=791%2C1024&amp;ssl=1\" class=\"attachment-large size-large wp-image-8829\" alt=\"\" srcset=\"https:\/\/i0.wp.com\/escouadeenergie.ca\/wp-content\/uploads\/2025\/04\/Kiosques-Page-2-v6.png?w=1224&amp;ssl=1 1224w, https:\/\/i0.wp.com\/escouadeenergie.ca\/wp-content\/uploads\/2025\/04\/Kiosques-Page-2-v6.png?resize=232%2C300&amp;ssl=1 232w, https:\/\/i0.wp.com\/escouadeenergie.ca\/wp-content\/uploads\/2025\/04\/Kiosques-Page-2-v6.png?resize=791%2C1024&amp;ssl=1 791w, https:\/\/i0.wp.com\/escouadeenergie.ca\/wp-content\/uploads\/2025\/04\/Kiosques-Page-2-v6.png?resize=768%2C994&amp;ssl=1 768w, https:\/\/i0.wp.com\/escouadeenergie.ca\/wp-content\/uploads\/2025\/04\/Kiosques-Page-2-v6.png?resize=1187%2C1536&amp;ssl=1 1187w\" sizes=\"(max-width: 791px) 100vw, 791px\" \/>\t\t\t\t\t\t\t\t\t\t\t\t\t\t\t<\/div>\n\t\t\t\t<\/div>\n\t\t\t\t<\/div>\n\t\t\t\t\t<\/div>\n\t\t\t\t<\/div>\n\t\t<div class=\"elementor-element elementor-element-98fdaee e-flex e-con-boxed e-con e-parent\" data-id=\"98fdaee\" data-element_type=\"container\" data-settings=\"{&quot;background_background&quot;:&quot;classic&quot;}\">\n\t\t\t\t\t<div class=\"e-con-inner\">\n\t\t<div class=\"elementor-element elementor-element-d67cb12 e-con-full e-flex e-con e-child\" data-id=\"d67cb12\" data-element_type=\"container\">\n\t\t\t\t<div class=\"elementor-element elementor-element-54ef103 elementor-widget__width-inherit elementor-widget-laptop__width-initial elementor-widget elementor-widget-heading\" data-id=\"54ef103\" data-element_type=\"widget\" data-widget_type=\"heading.default\">\n\t\t\t\t<div class=\"elementor-widget-container\">\n\t\t\t\t\t<h2 class=\"elementor-heading-title elementor-size-default\">Join us in Shawinigan<br> May 7 and 8, 2025<\/h2>\t\t\t\t<\/div>\n\t\t\t\t<\/div>\n\t\t\t\t<div class=\"elementor-element elementor-element-ac6c405 elementor-widget elementor-widget-text-editor\" data-id=\"ac6c405\" data-element_type=\"widget\" data-widget_type=\"text-editor.default\">\n\t\t\t\t<div class=\"elementor-widget-container\">\n\t\t\t\t\t\t\t\t\t<p>The Battery Summit brings together industry professionals, students, researchers, engineers, academics, entrepreneurs, policymakers, analysts and enthusiasts of the future of energy, energy technologies and climate action, to create and deploy solutions for the world&#8217;s most pressing energy challenges.<\/p>\t\t\t\t\t\t\t\t<\/div>\n\t\t\t\t<\/div>\n\t\t\t\t<div class=\"elementor-element elementor-element-c48eec7 elementor-align-left elementor-mobile-align-justify elementor-widget elementor-widget-button\" data-id=\"c48eec7\" data-element_type=\"widget\" data-widget_type=\"button.default\">\n\t\t\t\t<div class=\"elementor-widget-container\">\n\t\t\t\t\t\t\t\t\t<div class=\"elementor-button-wrapper\">\n\t\t\t\t\t<a class=\"elementor-button elementor-button-link elementor-size-sm\" href=\"https:\/\/escouade-energie.s1.yapla.com\/fr\/event-62924\/register\/sommet-sur-les-batteries-3eme-edition-au-coeur-de-la-transition-energetique\/62924\" target=\"_blank\">\n\t\t\t\t\t\t<span class=\"elementor-button-content-wrapper\">\n\t\t\t\t\t\t<span class=\"elementor-button-icon\">\n\t\t\t\t<svg aria-hidden=\"true\" class=\"e-font-icon-svg e-fas-arrow-right\" viewBox=\"0 0 448 512\" xmlns=\"http:\/\/www.w3.org\/2000\/svg\"><path d=\"M190.5 66.9l22.2-22.2c9.4-9.4 24.6-9.4 33.9 0L441 239c9.4 9.4 9.4 24.6 0 33.9L246.6 467.3c-9.4 9.4-24.6 9.4-33.9 0l-22.2-22.2c-9.5-9.5-9.3-25 .4-34.3L311.4 296H24c-13.3 0-24-10.7-24-24v-32c0-13.3 10.7-24 24-24h287.4L190.9 101.2c-9.8-9.3-10-24.8-.4-34.3z\"><\/path><\/svg>\t\t\t<\/span>\n\t\t\t\t\t\t\t\t\t<span class=\"elementor-button-text\">Registration<\/span>\n\t\t\t\t\t<\/span>\n\t\t\t\t\t<\/a>\n\t\t\t\t<\/div>\n\t\t\t\t\t\t\t\t<\/div>\n\t\t\t\t<\/div>\n\t\t\t\t<\/div>\n\t\t<div class=\"elementor-element elementor-element-1a563ce e-con-full elementor-hidden-tablet elementor-hidden-mobile e-flex e-con e-child\" data-id=\"1a563ce\" data-element_type=\"container\">\n\t\t\t\t<div class=\"elementor-element elementor-element-61ee217 elementor-widget elementor-widget-image\" data-id=\"61ee217\" data-element_type=\"widget\" data-widget_type=\"image.default\">\n\t\t\t\t<div class=\"elementor-widget-container\">\n\t\t\t\t\t\t\t\t\t\t\t\t\t\t\t<img decoding=\"async\" width=\"742\" height=\"680\" src=\"https:\/\/i0.wp.com\/escouadeenergie.ca\/wp-content\/uploads\/2025\/04\/6-2cropped.png?fit=742%2C680&amp;ssl=1\" class=\"attachment-large size-large wp-image-7722\" alt=\"\" srcset=\"https:\/\/i0.wp.com\/escouadeenergie.ca\/wp-content\/uploads\/2025\/04\/6-2cropped.png?w=742&amp;ssl=1 742w, https:\/\/i0.wp.com\/escouadeenergie.ca\/wp-content\/uploads\/2025\/04\/6-2cropped.png?resize=300%2C275&amp;ssl=1 300w\" sizes=\"(max-width: 742px) 100vw, 742px\" \/>\t\t\t\t\t\t\t\t\t\t\t\t\t\t\t<\/div>\n\t\t\t\t<\/div>\n\t\t\t\t<\/div>\n\t\t\t\t\t<\/div>\n\t\t\t\t<\/div>\n\t\t\t\t<\/div>\n\t\t","protected":false},"excerpt":{"rendered":"<p>Kiosk space rental Benefit from exceptional visibility, expand your network and present your products or services to a targeted audience. Download the exhibitor prospectus to discover the opportunities available and reserve your space now! Contact Lionel Ketchiozo, Escouade \u00c9nergie event manager, to find out more: evenement@escouadeenergie.ca Exhibitor brochure Why exhibit at the Battery Summit 2025? [&hellip;]<\/p>\n","protected":false},"author":2,"featured_media":6289,"parent":7846,"menu_order":0,"comment_status":"closed","ping_status":"closed","template":"elementor_header_footer","meta":{"_acf_changed":false,"footnotes":""},"class_list":["post-7897","page","type-page","status-publish","has-post-thumbnail","hentry"],"acf":[],"yoast_head":"<!-- This site is optimized with the Yoast SEO plugin v27.4 - https:\/\/yoast.com\/product\/yoast-seo-wordpress\/ -->\n<title>Booths - ESCOUADE ENERGIE<\/title>\n<meta name=\"robots\" content=\"index, follow, max-snippet:-1, max-image-preview:large, max-video-preview:-1\" \/>\n<link rel=\"canonical\" href=\"https:\/\/escouadeenergie.ca\/en\/battery-summit\/booths\/\" \/>\n<meta property=\"og:locale\" content=\"en_US\" \/>\n<meta property=\"og:type\" content=\"article\" \/>\n<meta property=\"og:title\" content=\"Booths - ESCOUADE ENERGIE\" \/>\n<meta property=\"og:description\" content=\"Kiosk space rental Benefit from exceptional visibility, expand your network and present your products or services to a targeted audience. Download the exhibitor prospectus to discover the opportunities available and reserve your space now! Contact Lionel Ketchiozo, Escouade \u00c9nergie event manager, to find out more: evenement@escouadeenergie.ca Exhibitor brochure Why exhibit at the Battery Summit 2025? [&hellip;]\" \/>\n<meta property=\"og:url\" content=\"https:\/\/escouadeenergie.ca\/en\/battery-summit\/booths\/\" \/>\n<meta property=\"og:site_name\" content=\"ESCOUADE ENERGIE\" \/>\n<meta property=\"article:publisher\" content=\"https:\/\/www.facebook.com\/profile.php?id=61552499700919&amp;locale=fr_CA\" \/>\n<meta property=\"article:modified_time\" content=\"2025-04-23T17:52:01+00:00\" \/>\n<meta property=\"og:image\" content=\"https:\/\/i0.wp.com\/escouadeenergie.ca\/wp-content\/uploads\/2025\/01\/Escouade-Energie-Sommet-sur-les-batteries-2025-KIOSQUES-v4Page-1.png?fit=1224%2C1584&ssl=1\" \/>\n\t<meta property=\"og:image:width\" content=\"1224\" \/>\n\t<meta property=\"og:image:height\" content=\"1584\" \/>\n\t<meta property=\"og:image:type\" content=\"image\/png\" \/>\n<meta name=\"twitter:card\" content=\"summary_large_image\" \/>\n<meta name=\"twitter:label1\" content=\"Est. reading time\" \/>\n\t<meta name=\"twitter:data1\" content=\"2 minutes\" \/>\n<script type=\"application\/ld+json\" class=\"yoast-schema-graph\">{\"@context\":\"https:\\\/\\\/schema.org\",\"@graph\":[{\"@type\":\"WebPage\",\"@id\":\"https:\\\/\\\/escouadeenergie.ca\\\/en\\\/battery-summit\\\/booths\\\/\",\"url\":\"https:\\\/\\\/escouadeenergie.ca\\\/en\\\/battery-summit\\\/booths\\\/\",\"name\":\"Booths - ESCOUADE ENERGIE\",\"isPartOf\":{\"@id\":\"https:\\\/\\\/escouadeenergie.ca\\\/#website\"},\"primaryImageOfPage\":{\"@id\":\"https:\\\/\\\/escouadeenergie.ca\\\/en\\\/battery-summit\\\/booths\\\/#primaryimage\"},\"image\":{\"@id\":\"https:\\\/\\\/escouadeenergie.ca\\\/en\\\/battery-summit\\\/booths\\\/#primaryimage\"},\"thumbnailUrl\":\"https:\\\/\\\/i0.wp.com\\\/escouadeenergie.ca\\\/wp-content\\\/uploads\\\/2025\\\/01\\\/Escouade-Energie-Sommet-sur-les-batteries-2025-KIOSQUES-v4Page-1.png?fit=1224%2C1584&ssl=1\",\"datePublished\":\"2025-01-27T22:33:25+00:00\",\"dateModified\":\"2025-04-23T17:52:01+00:00\",\"breadcrumb\":{\"@id\":\"https:\\\/\\\/escouadeenergie.ca\\\/en\\\/battery-summit\\\/booths\\\/#breadcrumb\"},\"inLanguage\":\"en-US\",\"potentialAction\":[{\"@type\":\"ReadAction\",\"target\":[\"https:\\\/\\\/escouadeenergie.ca\\\/en\\\/battery-summit\\\/booths\\\/\"]}]},{\"@type\":\"ImageObject\",\"inLanguage\":\"en-US\",\"@id\":\"https:\\\/\\\/escouadeenergie.ca\\\/en\\\/battery-summit\\\/booths\\\/#primaryimage\",\"url\":\"https:\\\/\\\/i0.wp.com\\\/escouadeenergie.ca\\\/wp-content\\\/uploads\\\/2025\\\/01\\\/Escouade-Energie-Sommet-sur-les-batteries-2025-KIOSQUES-v4Page-1.png?fit=1224%2C1584&ssl=1\",\"contentUrl\":\"https:\\\/\\\/i0.wp.com\\\/escouadeenergie.ca\\\/wp-content\\\/uploads\\\/2025\\\/01\\\/Escouade-Energie-Sommet-sur-les-batteries-2025-KIOSQUES-v4Page-1.png?fit=1224%2C1584&ssl=1\",\"width\":1224,\"height\":1584},{\"@type\":\"BreadcrumbList\",\"@id\":\"https:\\\/\\\/escouadeenergie.ca\\\/en\\\/battery-summit\\\/booths\\\/#breadcrumb\",\"itemListElement\":[{\"@type\":\"ListItem\",\"position\":1,\"name\":\"Home\",\"item\":\"https:\\\/\\\/escouadeenergie.ca\\\/en\\\/__trashed\\\/\"},{\"@type\":\"ListItem\",\"position\":2,\"name\":\"Battery Summit\",\"item\":\"https:\\\/\\\/escouadeenergie.ca\\\/en\\\/battery-summit\\\/\"},{\"@type\":\"ListItem\",\"position\":3,\"name\":\"Booths\"}]},{\"@type\":\"WebSite\",\"@id\":\"https:\\\/\\\/escouadeenergie.ca\\\/#website\",\"url\":\"https:\\\/\\\/escouadeenergie.ca\\\/\",\"name\":\"ESCOUADE ENERGIE\",\"description\":\"Unifier l&#039;expertise, stimuler l&#039;innovation : L&#039;Escouade \u00c9nergie, votre plateforme collaborative d\u00e9di\u00e9e aux projets \u00e9nerg\u00e9tiques transformatifs. R\u00e9unissant 21 membres de premier plan des Centres de Transfert de Technologie Coll\u00e9giaux (CCTT) depuis 2018.\",\"publisher\":{\"@id\":\"https:\\\/\\\/escouadeenergie.ca\\\/#organization\"},\"potentialAction\":[{\"@type\":\"SearchAction\",\"target\":{\"@type\":\"EntryPoint\",\"urlTemplate\":\"https:\\\/\\\/escouadeenergie.ca\\\/?s={search_term_string}\"},\"query-input\":{\"@type\":\"PropertyValueSpecification\",\"valueRequired\":true,\"valueName\":\"search_term_string\"}}],\"inLanguage\":\"en-US\"},{\"@type\":\"Organization\",\"@id\":\"https:\\\/\\\/escouadeenergie.ca\\\/#organization\",\"name\":\"ESCOUADE ENERGIE\",\"url\":\"https:\\\/\\\/escouadeenergie.ca\\\/\",\"logo\":{\"@type\":\"ImageObject\",\"inLanguage\":\"en-US\",\"@id\":\"https:\\\/\\\/escouadeenergie.ca\\\/#\\\/schema\\\/logo\\\/image\\\/\",\"url\":\"https:\\\/\\\/i0.wp.com\\\/escouadeenergie.ca\\\/wp-content\\\/uploads\\\/2023\\\/12\\\/Thumbnail_Escouade.png?fit=1200%2C630&ssl=1\",\"contentUrl\":\"https:\\\/\\\/i0.wp.com\\\/escouadeenergie.ca\\\/wp-content\\\/uploads\\\/2023\\\/12\\\/Thumbnail_Escouade.png?fit=1200%2C630&ssl=1\",\"width\":1200,\"height\":630,\"caption\":\"ESCOUADE ENERGIE\"},\"image\":{\"@id\":\"https:\\\/\\\/escouadeenergie.ca\\\/#\\\/schema\\\/logo\\\/image\\\/\"},\"sameAs\":[\"https:\\\/\\\/www.facebook.com\\\/profile.php?id=61552499700919&locale=fr_CA\",\"https:\\\/\\\/www.linkedin.com\\\/company\\\/escouade-\u00e9nergie-regroupement-des-cctt-en-transition-\u00e9nerg\u00e9tique\\\/?viewAsMember=true\"]}]}<\/script>\n<!-- \/ Yoast SEO plugin. -->","yoast_head_json":{"title":"Booths - ESCOUADE ENERGIE","robots":{"index":"index","follow":"follow","max-snippet":"max-snippet:-1","max-image-preview":"max-image-preview:large","max-video-preview":"max-video-preview:-1"},"canonical":"https:\/\/escouadeenergie.ca\/en\/battery-summit\/booths\/","og_locale":"en_US","og_type":"article","og_title":"Booths - ESCOUADE ENERGIE","og_description":"Kiosk space rental Benefit from exceptional visibility, expand your network and present your products or services to a targeted audience. Download the exhibitor prospectus to discover the opportunities available and reserve your space now! Contact Lionel Ketchiozo, Escouade \u00c9nergie event manager, to find out more: evenement@escouadeenergie.ca Exhibitor brochure Why exhibit at the Battery Summit 2025? [&hellip;]","og_url":"https:\/\/escouadeenergie.ca\/en\/battery-summit\/booths\/","og_site_name":"ESCOUADE ENERGIE","article_publisher":"https:\/\/www.facebook.com\/profile.php?id=61552499700919&locale=fr_CA","article_modified_time":"2025-04-23T17:52:01+00:00","og_image":[{"width":1224,"height":1584,"url":"https:\/\/i0.wp.com\/escouadeenergie.ca\/wp-content\/uploads\/2025\/01\/Escouade-Energie-Sommet-sur-les-batteries-2025-KIOSQUES-v4Page-1.png?fit=1224%2C1584&ssl=1","type":"image\/png"}],"twitter_card":"summary_large_image","twitter_misc":{"Est. reading time":"2 minutes"},"schema":{"@context":"https:\/\/schema.org","@graph":[{"@type":"WebPage","@id":"https:\/\/escouadeenergie.ca\/en\/battery-summit\/booths\/","url":"https:\/\/escouadeenergie.ca\/en\/battery-summit\/booths\/","name":"Booths - ESCOUADE ENERGIE","isPartOf":{"@id":"https:\/\/escouadeenergie.ca\/#website"},"primaryImageOfPage":{"@id":"https:\/\/escouadeenergie.ca\/en\/battery-summit\/booths\/#primaryimage"},"image":{"@id":"https:\/\/escouadeenergie.ca\/en\/battery-summit\/booths\/#primaryimage"},"thumbnailUrl":"https:\/\/i0.wp.com\/escouadeenergie.ca\/wp-content\/uploads\/2025\/01\/Escouade-Energie-Sommet-sur-les-batteries-2025-KIOSQUES-v4Page-1.png?fit=1224%2C1584&ssl=1","datePublished":"2025-01-27T22:33:25+00:00","dateModified":"2025-04-23T17:52:01+00:00","breadcrumb":{"@id":"https:\/\/escouadeenergie.ca\/en\/battery-summit\/booths\/#breadcrumb"},"inLanguage":"en-US","potentialAction":[{"@type":"ReadAction","target":["https:\/\/escouadeenergie.ca\/en\/battery-summit\/booths\/"]}]},{"@type":"ImageObject","inLanguage":"en-US","@id":"https:\/\/escouadeenergie.ca\/en\/battery-summit\/booths\/#primaryimage","url":"https:\/\/i0.wp.com\/escouadeenergie.ca\/wp-content\/uploads\/2025\/01\/Escouade-Energie-Sommet-sur-les-batteries-2025-KIOSQUES-v4Page-1.png?fit=1224%2C1584&ssl=1","contentUrl":"https:\/\/i0.wp.com\/escouadeenergie.ca\/wp-content\/uploads\/2025\/01\/Escouade-Energie-Sommet-sur-les-batteries-2025-KIOSQUES-v4Page-1.png?fit=1224%2C1584&ssl=1","width":1224,"height":1584},{"@type":"BreadcrumbList","@id":"https:\/\/escouadeenergie.ca\/en\/battery-summit\/booths\/#breadcrumb","itemListElement":[{"@type":"ListItem","position":1,"name":"Home","item":"https:\/\/escouadeenergie.ca\/en\/__trashed\/"},{"@type":"ListItem","position":2,"name":"Battery Summit","item":"https:\/\/escouadeenergie.ca\/en\/battery-summit\/"},{"@type":"ListItem","position":3,"name":"Booths"}]},{"@type":"WebSite","@id":"https:\/\/escouadeenergie.ca\/#website","url":"https:\/\/escouadeenergie.ca\/","name":"ESCOUADE ENERGIE","description":"Unifier l&#039;expertise, stimuler l&#039;innovation : L&#039;Escouade \u00c9nergie, votre plateforme collaborative d\u00e9di\u00e9e aux projets \u00e9nerg\u00e9tiques transformatifs. R\u00e9unissant 21 membres de premier plan des Centres de Transfert de Technologie Coll\u00e9giaux (CCTT) depuis 2018.","publisher":{"@id":"https:\/\/escouadeenergie.ca\/#organization"},"potentialAction":[{"@type":"SearchAction","target":{"@type":"EntryPoint","urlTemplate":"https:\/\/escouadeenergie.ca\/?s={search_term_string}"},"query-input":{"@type":"PropertyValueSpecification","valueRequired":true,"valueName":"search_term_string"}}],"inLanguage":"en-US"},{"@type":"Organization","@id":"https:\/\/escouadeenergie.ca\/#organization","name":"ESCOUADE ENERGIE","url":"https:\/\/escouadeenergie.ca\/","logo":{"@type":"ImageObject","inLanguage":"en-US","@id":"https:\/\/escouadeenergie.ca\/#\/schema\/logo\/image\/","url":"https:\/\/i0.wp.com\/escouadeenergie.ca\/wp-content\/uploads\/2023\/12\/Thumbnail_Escouade.png?fit=1200%2C630&ssl=1","contentUrl":"https:\/\/i0.wp.com\/escouadeenergie.ca\/wp-content\/uploads\/2023\/12\/Thumbnail_Escouade.png?fit=1200%2C630&ssl=1","width":1200,"height":630,"caption":"ESCOUADE ENERGIE"},"image":{"@id":"https:\/\/escouadeenergie.ca\/#\/schema\/logo\/image\/"},"sameAs":["https:\/\/www.facebook.com\/profile.php?id=61552499700919&locale=fr_CA","https:\/\/www.linkedin.com\/company\/escouade-\u00e9nergie-regroupement-des-cctt-en-transition-\u00e9nerg\u00e9tique\/?viewAsMember=true"]}]}},"_links":{"self":[{"href":"https:\/\/escouadeenergie.ca\/en\/wp-json\/wp\/v2\/pages\/7897","targetHints":{"allow":["GET"]}}],"collection":[{"href":"https:\/\/escouadeenergie.ca\/en\/wp-json\/wp\/v2\/pages"}],"about":[{"href":"https:\/\/escouadeenergie.ca\/en\/wp-json\/wp\/v2\/types\/page"}],"author":[{"embeddable":true,"href":"https:\/\/escouadeenergie.ca\/en\/wp-json\/wp\/v2\/users\/2"}],"replies":[{"embeddable":true,"href":"https:\/\/escouadeenergie.ca\/en\/wp-json\/wp\/v2\/comments?post=7897"}],"version-history":[{"count":2,"href":"https:\/\/escouadeenergie.ca\/en\/wp-json\/wp\/v2\/pages\/7897\/revisions"}],"predecessor-version":[{"id":8929,"href":"https:\/\/escouadeenergie.ca\/en\/wp-json\/wp\/v2\/pages\/7897\/revisions\/8929"}],"up":[{"embeddable":true,"href":"https:\/\/escouadeenergie.ca\/en\/wp-json\/wp\/v2\/pages\/7846"}],"wp:featuredmedia":[{"embeddable":true,"href":"https:\/\/escouadeenergie.ca\/en\/wp-json\/wp\/v2\/media\/6289"}],"wp:attachment":[{"href":"https:\/\/escouadeenergie.ca\/en\/wp-json\/wp\/v2\/media?parent=7897"}],"curies":[{"name":"wp","href":"https:\/\/api.w.org\/{rel}","templated":true}]}}