{"id":7899,"date":"2023-11-29T07:03:49","date_gmt":"2023-11-29T07:03:49","guid":{"rendered":"https:\/\/escouadeenergie.ca\/sommet-batteries-logistique\/"},"modified":"2025-04-18T20:29:52","modified_gmt":"2025-04-18T20:29:52","slug":"logistics","status":"publish","type":"page","link":"https:\/\/escouadeenergie.ca\/en\/battery-summit\/logistics\/","title":{"rendered":"Logistics"},"content":{"rendered":"\t\t<div data-elementor-type=\"wp-page\" data-elementor-id=\"7899\" class=\"elementor elementor-7899 elementor-780\" data-elementor-post-type=\"page\">\n\t\t\t\t<div class=\"elementor-element elementor-element-bdb2d23 e-flex e-con-boxed e-con e-parent\" data-id=\"bdb2d23\" data-element_type=\"container\" data-settings=\"{&quot;background_background&quot;:&quot;classic&quot;}\">\n\t\t\t\t\t<div class=\"e-con-inner\">\n\t\t<div class=\"elementor-element elementor-element-a041356 e-con-full e-flex e-con e-child\" data-id=\"a041356\" data-element_type=\"container\">\n\t\t\t\t<div class=\"elementor-element elementor-element-ade27b6 elementor-align-left breadcrumbs elementor-widget elementor-widget-breadcrumbs\" data-id=\"ade27b6\" data-element_type=\"widget\" data-widget_type=\"breadcrumbs.default\">\n\t\t\t\t<div class=\"elementor-widget-container\">\n\t\t\t\t\t<p id=\"breadcrumbs\"><span><span><a href=\"https:\/\/escouadeenergie.ca\/en\/__trashed\/\">Home<\/a><\/span><\/span><\/p>\t\t\t\t<\/div>\n\t\t\t\t<\/div>\n\t\t\t\t<div class=\"elementor-element elementor-element-dafd51a elementor-widget elementor-widget-heading\" data-id=\"dafd51a\" data-element_type=\"widget\" data-widget_type=\"heading.default\">\n\t\t\t\t<div class=\"elementor-widget-container\">\n\t\t\t\t\t<h1 class=\"elementor-heading-title elementor-size-default\">Logistics<\/h1>\t\t\t\t<\/div>\n\t\t\t\t<\/div>\n\t\t\t\t<\/div>\n\t\t\t\t\t<\/div>\n\t\t\t\t<\/div>\n\t\t<div class=\"elementor-element elementor-element-317a700 e-flex e-con-boxed e-con e-parent\" data-id=\"317a700\" data-element_type=\"container\" data-settings=\"{&quot;background_background&quot;:&quot;classic&quot;}\">\n\t\t\t\t\t<div class=\"e-con-inner\">\n\t\t<div class=\"elementor-element elementor-element-af1f22f e-con-full e-flex e-con e-child\" data-id=\"af1f22f\" data-element_type=\"container\">\n\t\t\t\t<div class=\"elementor-element elementor-element-1350651 elementor-widget__width-inherit elementor-widget elementor-widget-heading\" data-id=\"1350651\" data-element_type=\"widget\" data-widget_type=\"heading.default\">\n\t\t\t\t<div class=\"elementor-widget-container\">\n\t\t\t\t\t<h2 class=\"elementor-heading-title elementor-size-default\">Location<\/h2>\t\t\t\t<\/div>\n\t\t\t\t<\/div>\n\t\t\t\t<div class=\"elementor-element elementor-element-ed51fca elementor-widget elementor-widget-text-editor\" data-id=\"ed51fca\" data-element_type=\"widget\" data-widget_type=\"text-editor.default\">\n\t\t\t\t<div class=\"elementor-widget-container\">\n\t\t\t\t\t\t\t\t\t<p><strong>ESPACE SHAWINIGAN<\/strong><br>1882 promenade Ren\u00e9-L\u00e9vesque<br>Shawinigan (Qu\u00e9bec) G9N 8S1<\/p>\t\t\t\t\t\t\t\t<\/div>\n\t\t\t\t<\/div>\n\t\t\t\t<div class=\"elementor-element elementor-element-939507b elementor-widget elementor-widget-google_maps\" data-id=\"939507b\" data-element_type=\"widget\" data-widget_type=\"google_maps.default\">\n\t\t\t\t<div class=\"elementor-widget-container\">\n\t\t\t\t\t\t\t<div class=\"elementor-custom-embed\">\n\t\t\t<iframe loading=\"lazy\"\n\t\t\t\t\tsrc=\"https:\/\/maps.google.com\/maps?q=espace%20shawinigan&#038;t=m&#038;z=13&#038;output=embed&#038;iwloc=near\"\n\t\t\t\t\ttitle=\"espace shawinigan\"\n\t\t\t\t\taria-label=\"espace shawinigan\"\n\t\t\t><\/iframe>\n\t\t<\/div>\n\t\t\t\t\t\t<\/div>\n\t\t\t\t<\/div>\n\t\t\t\t<div class=\"elementor-element elementor-element-c025a47 elementor-align-left elementor-mobile-align-justify elementor-widget elementor-widget-button\" data-id=\"c025a47\" data-element_type=\"widget\" data-widget_type=\"button.default\">\n\t\t\t\t<div class=\"elementor-widget-container\">\n\t\t\t\t\t\t\t\t\t<div class=\"elementor-button-wrapper\">\n\t\t\t\t\t<a class=\"elementor-button elementor-button-link elementor-size-sm\" href=\"https:\/\/maps.app.goo.gl\/uksBBeD5iAUmWhZY8\" target=\"_blank\">\n\t\t\t\t\t\t<span class=\"elementor-button-content-wrapper\">\n\t\t\t\t\t\t<span class=\"elementor-button-icon\">\n\t\t\t\t<svg aria-hidden=\"true\" class=\"e-font-icon-svg e-fas-arrow-right\" viewBox=\"0 0 448 512\" xmlns=\"http:\/\/www.w3.org\/2000\/svg\"><path d=\"M190.5 66.9l22.2-22.2c9.4-9.4 24.6-9.4 33.9 0L441 239c9.4 9.4 9.4 24.6 0 33.9L246.6 467.3c-9.4 9.4-24.6 9.4-33.9 0l-22.2-22.2c-9.5-9.5-9.3-25 .4-34.3L311.4 296H24c-13.3 0-24-10.7-24-24v-32c0-13.3 10.7-24 24-24h287.4L190.9 101.2c-9.8-9.3-10-24.8-.4-34.3z\"><\/path><\/svg>\t\t\t<\/span>\n\t\t\t\t\t\t\t\t\t<span class=\"elementor-button-text\">Access<\/span>\n\t\t\t\t\t<\/span>\n\t\t\t\t\t<\/a>\n\t\t\t\t<\/div>\n\t\t\t\t\t\t\t\t<\/div>\n\t\t\t\t<\/div>\n\t\t\t\t<\/div>\n\t\t\t\t\t<\/div>\n\t\t\t\t<\/div>\n\t\t<div class=\"elementor-element elementor-element-1542575 e-flex e-con-boxed e-con e-parent\" data-id=\"1542575\" data-element_type=\"container\" data-settings=\"{&quot;background_background&quot;:&quot;classic&quot;}\">\n\t\t\t\t\t<div class=\"e-con-inner\">\n\t\t<div class=\"elementor-element elementor-element-5687ccd e-con-full e-flex e-con e-child\" data-id=\"5687ccd\" data-element_type=\"container\">\n\t\t\t\t<div class=\"elementor-element elementor-element-751ae46 elementor-widget__width-inherit elementor-widget elementor-widget-heading\" data-id=\"751ae46\" data-element_type=\"widget\" data-widget_type=\"heading.default\">\n\t\t\t\t<div class=\"elementor-widget-container\">\n\t\t\t\t\t<h2 class=\"elementor-heading-title elementor-size-default\">Discounted accommodation for participants<\/h2>\t\t\t\t<\/div>\n\t\t\t\t<\/div>\n\t\t\t\t<div class=\"elementor-element elementor-element-86aaff4 elementor-widget elementor-widget-text-editor\" data-id=\"86aaff4\" data-element_type=\"widget\" data-widget_type=\"text-editor.default\">\n\t\t\t\t<div class=\"elementor-widget-container\">\n\t\t\t\t\t\t\t\t\t<p>For the Battery Summit 2025, Escouade \u00c9nergie has reserved blocks of rooms in Shawinigan for the following dates: <strong>May 5 to 8, 2025<\/strong>. Availability and conditions may vary from hotel to hotel. <\/p><p>As a participant, you benefit from <strong>preferential rates<\/strong> on these accommodations. <strong>The reservation code to access these rates will be emailed to you when you register.<\/strong><\/p><p>Rates shown below are before taxes. As May is a busy time for events, we recommend that you <strong>book your accommodation as soon as possible<\/strong> to guarantee your place. <\/p><p>For more tourist information about the region, visit: <a href=\"https:\/\/www.tourismeshawinigan.com\/\" target=\"_blank\" rel=\"noopener\">www.tourismeshawinigan.com<\/a><\/p>\t\t\t\t\t\t\t\t<\/div>\n\t\t\t\t<\/div>\n\t\t\t\t<\/div>\n\t\t<div class=\"elementor-element elementor-element-87b5338 e-con-full e-flex e-con e-child\" data-id=\"87b5338\" data-element_type=\"container\">\n\t\t\t\t<div class=\"elementor-element elementor-element-e35a810 elementor-widget elementor-widget-image\" data-id=\"e35a810\" data-element_type=\"widget\" data-widget_type=\"image.default\">\n\t\t\t\t<div class=\"elementor-widget-container\">\n\t\t\t\t\t\t\t\t\t\t\t\t\t\t\t<img fetchpriority=\"high\" decoding=\"async\" width=\"1536\" height=\"536\" src=\"https:\/\/i0.wp.com\/escouadeenergie.ca\/wp-content\/uploads\/2025\/02\/hotels-prix.png?fit=1536%2C536&amp;ssl=1\" class=\"attachment-1536x1536 size-1536x1536 wp-image-6448\" alt=\"\" srcset=\"https:\/\/i0.wp.com\/escouadeenergie.ca\/wp-content\/uploads\/2025\/02\/hotels-prix.png?w=1807&amp;ssl=1 1807w, https:\/\/i0.wp.com\/escouadeenergie.ca\/wp-content\/uploads\/2025\/02\/hotels-prix.png?resize=300%2C105&amp;ssl=1 300w, https:\/\/i0.wp.com\/escouadeenergie.ca\/wp-content\/uploads\/2025\/02\/hotels-prix.png?resize=1024%2C358&amp;ssl=1 1024w, https:\/\/i0.wp.com\/escouadeenergie.ca\/wp-content\/uploads\/2025\/02\/hotels-prix.png?resize=768%2C268&amp;ssl=1 768w, https:\/\/i0.wp.com\/escouadeenergie.ca\/wp-content\/uploads\/2025\/02\/hotels-prix.png?resize=1536%2C536&amp;ssl=1 1536w, https:\/\/i0.wp.com\/escouadeenergie.ca\/wp-content\/uploads\/2025\/02\/hotels-prix.png?w=1600 1600w\" sizes=\"(max-width: 800px) 100vw, 800px\" \/>\t\t\t\t\t\t\t\t\t\t\t\t\t\t\t<\/div>\n\t\t\t\t<\/div>\n\t\t\t\t<\/div>\n\t\t\t\t\t<\/div>\n\t\t\t\t<\/div>\n\t\t<div class=\"elementor-element elementor-element-71b54a7 e-flex e-con-boxed e-con e-parent\" data-id=\"71b54a7\" data-element_type=\"container\" data-settings=\"{&quot;background_background&quot;:&quot;classic&quot;}\">\n\t\t\t\t\t<div class=\"e-con-inner\">\n\t\t<div class=\"elementor-element elementor-element-6a0592c e-con-full e-flex e-con e-child\" data-id=\"6a0592c\" data-element_type=\"container\">\n\t\t\t\t<div class=\"elementor-element elementor-element-19a81a0 elementor-widget__width-inherit elementor-widget-laptop__width-initial elementor-widget elementor-widget-heading\" data-id=\"19a81a0\" data-element_type=\"widget\" data-widget_type=\"heading.default\">\n\t\t\t\t<div class=\"elementor-widget-container\">\n\t\t\t\t\t<h2 class=\"elementor-heading-title elementor-size-default\">Join us in Shawinigan<br> May 7 and 8, 2025<\/h2>\t\t\t\t<\/div>\n\t\t\t\t<\/div>\n\t\t\t\t<div class=\"elementor-element elementor-element-960759c elementor-widget elementor-widget-text-editor\" data-id=\"960759c\" data-element_type=\"widget\" data-widget_type=\"text-editor.default\">\n\t\t\t\t<div class=\"elementor-widget-container\">\n\t\t\t\t\t\t\t\t\t<p>The Battery Summit brings together industry professionals, students, researchers, engineers, academics, entrepreneurs, policymakers, analysts and enthusiasts of the future of energy, energy technologies and climate action, to create and deploy solutions for the world&#8217;s most pressing energy challenges.<\/p>\t\t\t\t\t\t\t\t<\/div>\n\t\t\t\t<\/div>\n\t\t\t\t<div class=\"elementor-element elementor-element-735bc7f elementor-align-left elementor-mobile-align-justify elementor-widget elementor-widget-button\" data-id=\"735bc7f\" data-element_type=\"widget\" data-widget_type=\"button.default\">\n\t\t\t\t<div class=\"elementor-widget-container\">\n\t\t\t\t\t\t\t\t\t<div class=\"elementor-button-wrapper\">\n\t\t\t\t\t<a class=\"elementor-button elementor-button-link elementor-size-sm\" href=\"https:\/\/escouade-energie.s1.yapla.com\/fr\/event-62924\/register\/sommet-sur-les-batteries-3eme-edition-au-coeur-de-la-transition-energetique\/62924\" target=\"_blank\">\n\t\t\t\t\t\t<span class=\"elementor-button-content-wrapper\">\n\t\t\t\t\t\t<span class=\"elementor-button-icon\">\n\t\t\t\t<svg aria-hidden=\"true\" class=\"e-font-icon-svg e-fas-arrow-right\" viewBox=\"0 0 448 512\" xmlns=\"http:\/\/www.w3.org\/2000\/svg\"><path d=\"M190.5 66.9l22.2-22.2c9.4-9.4 24.6-9.4 33.9 0L441 239c9.4 9.4 9.4 24.6 0 33.9L246.6 467.3c-9.4 9.4-24.6 9.4-33.9 0l-22.2-22.2c-9.5-9.5-9.3-25 .4-34.3L311.4 296H24c-13.3 0-24-10.7-24-24v-32c0-13.3 10.7-24 24-24h287.4L190.9 101.2c-9.8-9.3-10-24.8-.4-34.3z\"><\/path><\/svg>\t\t\t<\/span>\n\t\t\t\t\t\t\t\t\t<span class=\"elementor-button-text\">Registration<\/span>\n\t\t\t\t\t<\/span>\n\t\t\t\t\t<\/a>\n\t\t\t\t<\/div>\n\t\t\t\t\t\t\t\t<\/div>\n\t\t\t\t<\/div>\n\t\t\t\t<\/div>\n\t\t<div class=\"elementor-element elementor-element-52505f6 e-con-full elementor-hidden-tablet elementor-hidden-mobile e-flex e-con e-child\" data-id=\"52505f6\" data-element_type=\"container\">\n\t\t\t\t<div class=\"elementor-element elementor-element-15e1326 elementor-widget elementor-widget-image\" data-id=\"15e1326\" data-element_type=\"widget\" data-widget_type=\"image.default\">\n\t\t\t\t<div class=\"elementor-widget-container\">\n\t\t\t\t\t\t\t\t\t\t\t\t\t\t\t<img decoding=\"async\" width=\"742\" height=\"680\" src=\"https:\/\/i0.wp.com\/escouadeenergie.ca\/wp-content\/uploads\/2025\/04\/6-2cropped.png?fit=742%2C680&amp;ssl=1\" class=\"attachment-large size-large wp-image-7722\" alt=\"\" srcset=\"https:\/\/i0.wp.com\/escouadeenergie.ca\/wp-content\/uploads\/2025\/04\/6-2cropped.png?w=742&amp;ssl=1 742w, https:\/\/i0.wp.com\/escouadeenergie.ca\/wp-content\/uploads\/2025\/04\/6-2cropped.png?resize=300%2C275&amp;ssl=1 300w\" sizes=\"(max-width: 742px) 100vw, 742px\" \/>\t\t\t\t\t\t\t\t\t\t\t\t\t\t\t<\/div>\n\t\t\t\t<\/div>\n\t\t\t\t<\/div>\n\t\t\t\t\t<\/div>\n\t\t\t\t<\/div>\n\t\t\t\t<\/div>\n\t\t","protected":false},"excerpt":{"rendered":"<p>Location ESPACE SHAWINIGAN1882 promenade Ren\u00e9-L\u00e9vesqueShawinigan (Qu\u00e9bec) G9N 8S1 Access Discounted accommodation for participants For the Battery Summit 2025, Escouade \u00c9nergie has reserved blocks of rooms in Shawinigan for the following dates: May 5 to 8, 2025. Availability and conditions may vary from hotel to hotel. As a participant, you benefit from preferential rates on these [&hellip;]<\/p>\n","protected":false},"author":2,"featured_media":1149,"parent":7846,"menu_order":0,"comment_status":"closed","ping_status":"closed","template":"elementor_header_footer","meta":{"_acf_changed":false,"footnotes":""},"class_list":["post-7899","page","type-page","status-publish","has-post-thumbnail","hentry"],"acf":[],"yoast_head":"<!-- This site is optimized with the Yoast SEO plugin v27.4 - https:\/\/yoast.com\/product\/yoast-seo-wordpress\/ -->\n<title>Logistics - ESCOUADE ENERGIE<\/title>\n<meta name=\"robots\" content=\"index, follow, max-snippet:-1, max-image-preview:large, max-video-preview:-1\" \/>\n<link rel=\"canonical\" href=\"https:\/\/escouadeenergie.ca\/en\/battery-summit\/logistics\/\" \/>\n<meta property=\"og:locale\" content=\"en_US\" \/>\n<meta property=\"og:type\" content=\"article\" \/>\n<meta property=\"og:title\" content=\"Logistics - ESCOUADE ENERGIE\" \/>\n<meta property=\"og:description\" content=\"Location ESPACE SHAWINIGAN1882 promenade Ren\u00e9-L\u00e9vesqueShawinigan (Qu\u00e9bec) G9N 8S1 Access Discounted accommodation for participants For the Battery Summit 2025, Escouade \u00c9nergie has reserved blocks of rooms in Shawinigan for the following dates: May 5 to 8, 2025. Availability and conditions may vary from hotel to hotel. As a participant, you benefit from preferential rates on these [&hellip;]\" \/>\n<meta property=\"og:url\" content=\"https:\/\/escouadeenergie.ca\/en\/battery-summit\/logistics\/\" \/>\n<meta property=\"og:site_name\" content=\"ESCOUADE ENERGIE\" \/>\n<meta property=\"article:publisher\" content=\"https:\/\/www.facebook.com\/profile.php?id=61552499700919&amp;locale=fr_CA\" \/>\n<meta property=\"article:modified_time\" content=\"2025-04-18T20:29:52+00:00\" \/>\n<meta property=\"og:image\" content=\"http:\/\/escouadeenergie.ca\/wp-content\/uploads\/2023\/12\/Thumbnail_Escouade.png\" \/>\n\t<meta property=\"og:image:width\" content=\"1200\" \/>\n\t<meta property=\"og:image:height\" content=\"630\" \/>\n\t<meta property=\"og:image:type\" content=\"image\/png\" \/>\n<meta name=\"twitter:card\" content=\"summary_large_image\" \/>\n<meta name=\"twitter:label1\" content=\"Est. reading time\" \/>\n\t<meta name=\"twitter:data1\" content=\"2 minutes\" \/>\n<script type=\"application\/ld+json\" class=\"yoast-schema-graph\">{\"@context\":\"https:\\\/\\\/schema.org\",\"@graph\":[{\"@type\":\"WebPage\",\"@id\":\"https:\\\/\\\/escouadeenergie.ca\\\/en\\\/battery-summit\\\/logistics\\\/\",\"url\":\"https:\\\/\\\/escouadeenergie.ca\\\/en\\\/battery-summit\\\/logistics\\\/\",\"name\":\"Logistics - ESCOUADE ENERGIE\",\"isPartOf\":{\"@id\":\"https:\\\/\\\/escouadeenergie.ca\\\/#website\"},\"primaryImageOfPage\":{\"@id\":\"https:\\\/\\\/escouadeenergie.ca\\\/en\\\/battery-summit\\\/logistics\\\/#primaryimage\"},\"image\":{\"@id\":\"https:\\\/\\\/escouadeenergie.ca\\\/en\\\/battery-summit\\\/logistics\\\/#primaryimage\"},\"thumbnailUrl\":\"https:\\\/\\\/i0.wp.com\\\/escouadeenergie.ca\\\/wp-content\\\/uploads\\\/2023\\\/12\\\/Thumbnail_Escouade.png?fit=1200%2C630&ssl=1\",\"datePublished\":\"2023-11-29T07:03:49+00:00\",\"dateModified\":\"2025-04-18T20:29:52+00:00\",\"breadcrumb\":{\"@id\":\"https:\\\/\\\/escouadeenergie.ca\\\/en\\\/battery-summit\\\/logistics\\\/#breadcrumb\"},\"inLanguage\":\"en-US\",\"potentialAction\":[{\"@type\":\"ReadAction\",\"target\":[\"https:\\\/\\\/escouadeenergie.ca\\\/en\\\/battery-summit\\\/logistics\\\/\"]}]},{\"@type\":\"ImageObject\",\"inLanguage\":\"en-US\",\"@id\":\"https:\\\/\\\/escouadeenergie.ca\\\/en\\\/battery-summit\\\/logistics\\\/#primaryimage\",\"url\":\"https:\\\/\\\/i0.wp.com\\\/escouadeenergie.ca\\\/wp-content\\\/uploads\\\/2023\\\/12\\\/Thumbnail_Escouade.png?fit=1200%2C630&ssl=1\",\"contentUrl\":\"https:\\\/\\\/i0.wp.com\\\/escouadeenergie.ca\\\/wp-content\\\/uploads\\\/2023\\\/12\\\/Thumbnail_Escouade.png?fit=1200%2C630&ssl=1\",\"width\":1200,\"height\":630},{\"@type\":\"BreadcrumbList\",\"@id\":\"https:\\\/\\\/escouadeenergie.ca\\\/en\\\/battery-summit\\\/logistics\\\/#breadcrumb\",\"itemListElement\":[{\"@type\":\"ListItem\",\"position\":1,\"name\":\"Home\",\"item\":\"https:\\\/\\\/escouadeenergie.ca\\\/en\\\/__trashed\\\/\"},{\"@type\":\"ListItem\",\"position\":2,\"name\":\"Battery Summit\",\"item\":\"https:\\\/\\\/escouadeenergie.ca\\\/en\\\/battery-summit\\\/\"},{\"@type\":\"ListItem\",\"position\":3,\"name\":\"Logistics\"}]},{\"@type\":\"WebSite\",\"@id\":\"https:\\\/\\\/escouadeenergie.ca\\\/#website\",\"url\":\"https:\\\/\\\/escouadeenergie.ca\\\/\",\"name\":\"ESCOUADE ENERGIE\",\"description\":\"Unifier l&#039;expertise, stimuler l&#039;innovation : L&#039;Escouade \u00c9nergie, votre plateforme collaborative d\u00e9di\u00e9e aux projets \u00e9nerg\u00e9tiques transformatifs. R\u00e9unissant 21 membres de premier plan des Centres de Transfert de Technologie Coll\u00e9giaux (CCTT) depuis 2018.\",\"publisher\":{\"@id\":\"https:\\\/\\\/escouadeenergie.ca\\\/#organization\"},\"potentialAction\":[{\"@type\":\"SearchAction\",\"target\":{\"@type\":\"EntryPoint\",\"urlTemplate\":\"https:\\\/\\\/escouadeenergie.ca\\\/?s={search_term_string}\"},\"query-input\":{\"@type\":\"PropertyValueSpecification\",\"valueRequired\":true,\"valueName\":\"search_term_string\"}}],\"inLanguage\":\"en-US\"},{\"@type\":\"Organization\",\"@id\":\"https:\\\/\\\/escouadeenergie.ca\\\/#organization\",\"name\":\"ESCOUADE ENERGIE\",\"url\":\"https:\\\/\\\/escouadeenergie.ca\\\/\",\"logo\":{\"@type\":\"ImageObject\",\"inLanguage\":\"en-US\",\"@id\":\"https:\\\/\\\/escouadeenergie.ca\\\/#\\\/schema\\\/logo\\\/image\\\/\",\"url\":\"https:\\\/\\\/i0.wp.com\\\/escouadeenergie.ca\\\/wp-content\\\/uploads\\\/2023\\\/12\\\/Thumbnail_Escouade.png?fit=1200%2C630&ssl=1\",\"contentUrl\":\"https:\\\/\\\/i0.wp.com\\\/escouadeenergie.ca\\\/wp-content\\\/uploads\\\/2023\\\/12\\\/Thumbnail_Escouade.png?fit=1200%2C630&ssl=1\",\"width\":1200,\"height\":630,\"caption\":\"ESCOUADE ENERGIE\"},\"image\":{\"@id\":\"https:\\\/\\\/escouadeenergie.ca\\\/#\\\/schema\\\/logo\\\/image\\\/\"},\"sameAs\":[\"https:\\\/\\\/www.facebook.com\\\/profile.php?id=61552499700919&locale=fr_CA\",\"https:\\\/\\\/www.linkedin.com\\\/company\\\/escouade-\u00e9nergie-regroupement-des-cctt-en-transition-\u00e9nerg\u00e9tique\\\/?viewAsMember=true\"]}]}<\/script>\n<!-- \/ Yoast SEO plugin. -->","yoast_head_json":{"title":"Logistics - ESCOUADE ENERGIE","robots":{"index":"index","follow":"follow","max-snippet":"max-snippet:-1","max-image-preview":"max-image-preview:large","max-video-preview":"max-video-preview:-1"},"canonical":"https:\/\/escouadeenergie.ca\/en\/battery-summit\/logistics\/","og_locale":"en_US","og_type":"article","og_title":"Logistics - ESCOUADE ENERGIE","og_description":"Location ESPACE SHAWINIGAN1882 promenade Ren\u00e9-L\u00e9vesqueShawinigan (Qu\u00e9bec) G9N 8S1 Access Discounted accommodation for participants For the Battery Summit 2025, Escouade \u00c9nergie has reserved blocks of rooms in Shawinigan for the following dates: May 5 to 8, 2025. Availability and conditions may vary from hotel to hotel. As a participant, you benefit from preferential rates on these [&hellip;]","og_url":"https:\/\/escouadeenergie.ca\/en\/battery-summit\/logistics\/","og_site_name":"ESCOUADE ENERGIE","article_publisher":"https:\/\/www.facebook.com\/profile.php?id=61552499700919&locale=fr_CA","article_modified_time":"2025-04-18T20:29:52+00:00","og_image":[{"width":1200,"height":630,"url":"http:\/\/escouadeenergie.ca\/wp-content\/uploads\/2023\/12\/Thumbnail_Escouade.png","type":"image\/png"}],"twitter_card":"summary_large_image","twitter_misc":{"Est. reading time":"2 minutes"},"schema":{"@context":"https:\/\/schema.org","@graph":[{"@type":"WebPage","@id":"https:\/\/escouadeenergie.ca\/en\/battery-summit\/logistics\/","url":"https:\/\/escouadeenergie.ca\/en\/battery-summit\/logistics\/","name":"Logistics - ESCOUADE ENERGIE","isPartOf":{"@id":"https:\/\/escouadeenergie.ca\/#website"},"primaryImageOfPage":{"@id":"https:\/\/escouadeenergie.ca\/en\/battery-summit\/logistics\/#primaryimage"},"image":{"@id":"https:\/\/escouadeenergie.ca\/en\/battery-summit\/logistics\/#primaryimage"},"thumbnailUrl":"https:\/\/i0.wp.com\/escouadeenergie.ca\/wp-content\/uploads\/2023\/12\/Thumbnail_Escouade.png?fit=1200%2C630&ssl=1","datePublished":"2023-11-29T07:03:49+00:00","dateModified":"2025-04-18T20:29:52+00:00","breadcrumb":{"@id":"https:\/\/escouadeenergie.ca\/en\/battery-summit\/logistics\/#breadcrumb"},"inLanguage":"en-US","potentialAction":[{"@type":"ReadAction","target":["https:\/\/escouadeenergie.ca\/en\/battery-summit\/logistics\/"]}]},{"@type":"ImageObject","inLanguage":"en-US","@id":"https:\/\/escouadeenergie.ca\/en\/battery-summit\/logistics\/#primaryimage","url":"https:\/\/i0.wp.com\/escouadeenergie.ca\/wp-content\/uploads\/2023\/12\/Thumbnail_Escouade.png?fit=1200%2C630&ssl=1","contentUrl":"https:\/\/i0.wp.com\/escouadeenergie.ca\/wp-content\/uploads\/2023\/12\/Thumbnail_Escouade.png?fit=1200%2C630&ssl=1","width":1200,"height":630},{"@type":"BreadcrumbList","@id":"https:\/\/escouadeenergie.ca\/en\/battery-summit\/logistics\/#breadcrumb","itemListElement":[{"@type":"ListItem","position":1,"name":"Home","item":"https:\/\/escouadeenergie.ca\/en\/__trashed\/"},{"@type":"ListItem","position":2,"name":"Battery Summit","item":"https:\/\/escouadeenergie.ca\/en\/battery-summit\/"},{"@type":"ListItem","position":3,"name":"Logistics"}]},{"@type":"WebSite","@id":"https:\/\/escouadeenergie.ca\/#website","url":"https:\/\/escouadeenergie.ca\/","name":"ESCOUADE ENERGIE","description":"Unifier l&#039;expertise, stimuler l&#039;innovation : L&#039;Escouade \u00c9nergie, votre plateforme collaborative d\u00e9di\u00e9e aux projets \u00e9nerg\u00e9tiques transformatifs. R\u00e9unissant 21 membres de premier plan des Centres de Transfert de Technologie Coll\u00e9giaux (CCTT) depuis 2018.","publisher":{"@id":"https:\/\/escouadeenergie.ca\/#organization"},"potentialAction":[{"@type":"SearchAction","target":{"@type":"EntryPoint","urlTemplate":"https:\/\/escouadeenergie.ca\/?s={search_term_string}"},"query-input":{"@type":"PropertyValueSpecification","valueRequired":true,"valueName":"search_term_string"}}],"inLanguage":"en-US"},{"@type":"Organization","@id":"https:\/\/escouadeenergie.ca\/#organization","name":"ESCOUADE ENERGIE","url":"https:\/\/escouadeenergie.ca\/","logo":{"@type":"ImageObject","inLanguage":"en-US","@id":"https:\/\/escouadeenergie.ca\/#\/schema\/logo\/image\/","url":"https:\/\/i0.wp.com\/escouadeenergie.ca\/wp-content\/uploads\/2023\/12\/Thumbnail_Escouade.png?fit=1200%2C630&ssl=1","contentUrl":"https:\/\/i0.wp.com\/escouadeenergie.ca\/wp-content\/uploads\/2023\/12\/Thumbnail_Escouade.png?fit=1200%2C630&ssl=1","width":1200,"height":630,"caption":"ESCOUADE ENERGIE"},"image":{"@id":"https:\/\/escouadeenergie.ca\/#\/schema\/logo\/image\/"},"sameAs":["https:\/\/www.facebook.com\/profile.php?id=61552499700919&locale=fr_CA","https:\/\/www.linkedin.com\/company\/escouade-\u00e9nergie-regroupement-des-cctt-en-transition-\u00e9nerg\u00e9tique\/?viewAsMember=true"]}]}},"_links":{"self":[{"href":"https:\/\/escouadeenergie.ca\/en\/wp-json\/wp\/v2\/pages\/7899","targetHints":{"allow":["GET"]}}],"collection":[{"href":"https:\/\/escouadeenergie.ca\/en\/wp-json\/wp\/v2\/pages"}],"about":[{"href":"https:\/\/escouadeenergie.ca\/en\/wp-json\/wp\/v2\/types\/page"}],"author":[{"embeddable":true,"href":"https:\/\/escouadeenergie.ca\/en\/wp-json\/wp\/v2\/users\/2"}],"replies":[{"embeddable":true,"href":"https:\/\/escouadeenergie.ca\/en\/wp-json\/wp\/v2\/comments?post=7899"}],"version-history":[{"count":1,"href":"https:\/\/escouadeenergie.ca\/en\/wp-json\/wp\/v2\/pages\/7899\/revisions"}],"predecessor-version":[{"id":7900,"href":"https:\/\/escouadeenergie.ca\/en\/wp-json\/wp\/v2\/pages\/7899\/revisions\/7900"}],"up":[{"embeddable":true,"href":"https:\/\/escouadeenergie.ca\/en\/wp-json\/wp\/v2\/pages\/7846"}],"wp:featuredmedia":[{"embeddable":true,"href":"https:\/\/escouadeenergie.ca\/en\/wp-json\/wp\/v2\/media\/1149"}],"wp:attachment":[{"href":"https:\/\/escouadeenergie.ca\/en\/wp-json\/wp\/v2\/media?parent=7899"}],"curies":[{"name":"wp","href":"https:\/\/api.w.org\/{rel}","templated":true}]}}